{"id":10048,"date":"2019-03-15T13:30:37","date_gmt":"2019-03-15T06:30:37","guid":{"rendered":"https:\/\/havamall.vn\/?post_type=product&#038;p=10048"},"modified":"2021-06-23T09:35:35","modified_gmt":"2021-06-23T02:35:35","slug":"nuoc-ep-luu-pomegranate-water-woongjin","status":"publish","type":"product","link":"https:\/\/havamall.vn\/en\/shop\/nuoc-ep-luu-pomegranate-water-woongjin\/","title":{"rendered":"N\u01b0\u1edbc \u00c9p L\u1ef1u Pomegranate Water Woongjin"},"content":{"rendered":"<p>Qu\u1ea3 l\u1ef1u kh\u00f4ng ch\u1ec9 th\u01a1m ngon m\u00e0 c\u00f2n \u0111em \u0111\u1ebfn cho b\u1ea1n v\u00f4 s\u1ed1 l\u1ee3i \u00edch s\u1ee9c kho\u1ebb tuy\u1ec7t v\u1eddi. Ngo\u00e0i vi\u1ec7c s\u1eed d\u1ee5ng qu\u1ea3 l\u1ef1u\u00a0 nh\u01b0 m\u1ed9t ph\u01b0\u01a1ng thu\u1ed1c ch\u1eefa b\u1ec7nh th\u00ec ng\u00e0y nay, c\u00e1c chuy\u00ean gia dinh d\u01b0\u1ee1ng b\u1eaft \u0111\u1ea7u quan t\u00e2m nhi\u1ec1u h\u01a1n \u0111\u1ebfn n\u01b0\u1edbc \u00e9p l\u1ef1u v\u00ec n\u00f3 ch\u1ee9a h\u01a1n 100 lo\u1ea1i kho\u00e1ng ch\u1ea5t c\u00f3 ngu\u1ed3n g\u1ed1c th\u1ef1c v\u1eadt.\u00a0Theo nhi\u1ec1u nghi\u00ean c\u1ee9u, n\u01b0\u1edbc \u00e9p l\u1ef1u c\u00f3 th\u1ec3 gi\u00fap ng\u0103n ng\u1eeba ung th\u01b0, h\u1ed7 tr\u1ee3 mi\u1ec5n d\u1ecbch, v\u00e0 kh\u1ea3 n\u0103ng sinh s\u1ea3n c\u1ee7a ph\u1ee5 n\u1eef. Ngo\u00e0i ra, tr\u00e1i l\u1ef1u c\u00f2n ch\u1ee9a ch\u1ea5t ch\u1ed1ng \u00f4-xy h\u00f3a, gi\u00fap c\u01a1 th\u1ec3 b\u1ea1n ch\u1ed1ng l\u1ea1i virus v\u00e0 ung th\u01b0. H\u01a1n n\u1eefa, qu\u1ea3 l\u1ef1u c\u00f2n l\u00e0 m\u1ed9t ngu\u1ed3n cung c\u1ea5p vitamin d\u1ed3i d\u00e0o, \u0111\u1eb7c bi\u1ec7t l\u00e0 vitamin A, vitamin C v\u00e0 vitamin E, c\u0169ng nh\u01b0 axit folic. Kh\u00f4ng nh\u1eefng th\u1ebf, lo\u1ea1i tr\u00e1i c\u00e2y tuy\u1ec7t v\u1eddi n\u00e0y c\u00f2n ch\u1ee9a h\u00e0m l\u01b0\u1ee3ng ch\u1ea5t ch\u1ed1ng \u00f4-xy h\u00f3a nhi\u1ec1u g\u1ea5p ba l\u1ea7n r\u01b0\u1ee3u vang v\u00e0 tr\u00e0 xanh.<\/p>\n<p><img fetchpriority=\"high\" decoding=\"async\" class=\"aligncenter\" src=\"https:\/\/havamall.vn\/wp-content\/uploads\/2019\/03\/1296x728_15_Health_Benefits_of_Pomegranate_Juice.jpg\" alt=\"Ly do khien ban nen uong nuoc ep luu thuong xuyen hinh anh 1 \" width=\"690\" height=\"388\" \/><\/p>\n<p>T\u00e1c d\u1ee5ng th\u1ea7n k\u00ec m\u00e0 N\u01b0\u1edbc L\u1ef1u Woongjin mang \u0111\u1ebfn:<\/p>\n<ol>\n<li>R\u1ed1i lo\u1ea1n d\u1ea1 d\u00e0y :\u00a0Nhi\u1ec1u ng\u01b0\u1eddi s\u1eed d\u1ee5ng v\u1ecf qu\u1ea3 l\u1ef1u, v\u1ecf c\u00e2y v\u00e0 l\u00e1 c\u00e2y l\u1ef1u v\u1edbi m\u1ee5c \u0111\u00edch l\u00e0m d\u1ecbu c\u00e1c r\u1ed1i lo\u1ea1n \u1edf d\u1ea1 d\u00e0y ho\u1eb7c\u00a0ti\u00eau ch\u1ea3y do c\u00e1c v\u1ea5n \u0111\u1ec1 li\u00ean quan \u0111\u1ebfn h\u1ec7 ti\u00eau h\u00f3a. Ngo\u00e0i ra, u\u1ed1ng tr\u00e0 l\u00e0m t\u1eeb l\u00e1 l\u1ef1u c\u0169ng gi\u00fap b\u1ea1n gi\u1ea3i quy\u1ebft c\u00e1c v\u1ea5n \u0111\u1ec1 kh\u00f3 ch\u1ecbu n\u00e0y. B\u00ean c\u1ea1nh \u0111\u00f3, n\u01b0\u1edbc l\u1ef1u c\u0169ng c\u00f3 t\u00e1c d\u1ee5ng v\u1edbi c\u00e1c tr\u01b0\u1eddng h\u1ee3p b\u1ec7nh t\u1ea3 v\u00e0 ki\u1ebft l\u1ef5.<\/li>\n<li>C\u00e1c v\u1ea5n \u0111\u1ec1 v\u1ec1 tim m\u1ea1ch:\u00a0N\u1ebfu u\u1ed1ng n\u01b0\u1edbc \u00e9p l\u1ef1u th\u01b0\u1eddng xuy\u00ean, b\u1ea1n c\u00f3 th\u1ec3 duy tr\u00ec l\u01b0\u1ee3ng m\u00e1u ch\u1ea3y th\u00f4ng su\u1ed1t trong c\u01a1 th\u1ec3. B\u00ean c\u1ea1nh \u0111\u00f3, n\u01b0\u1edbc \u00e9p l\u1ef1u c\u0169ng gi\u00fap l\u00e0m gi\u1ea3m nguy c\u01a1 \u0111au tim v\u00e0 \u0111\u1ed9t qu\u1ef5. C\u00e1c th\u00e0nh ph\u1ea7n ch\u1ed1ng \u00f4-xy h\u00f3a ch\u1ee9a trong lo\u1ea1i tr\u00e1i c\u00e2y n\u00e0y s\u1ebd gi\u00fap c\u01a1 th\u1ec3 b\u1ea1n gi\u1ea3m \u0111\u00e1ng k\u1ec3 l\u01b0\u1ee3ng cholesterol \u201cx\u1ea5u\u201d, \u0111\u1ed3ng th\u1eddi l\u00e0m lo\u00e3ng nh\u1eefng c\u1ee5c m\u00e1u \u0111\u00f4ng v\u00e0 gi\u00fap gi\u1eef \u0111\u1ed9ng m\u1ea1ch ho\u1ea1t \u0111\u1ed9ng v\u00e0 l\u01b0u th\u00f4ng t\u1ed1t h\u01a1n.<\/li>\n<li>Ung th\u01b0:\u00a0L\u1ef1u ch\u1ee9a h\u00e0m l\u01b0\u1ee3ng cao ch\u1ea5t ch\u1ed1ng \u00f4-xy h\u00f3a c\u00f3 t\u00ean flavonoid. Ch\u1ea5t flavonoid n\u00e0y c\u00f3 hi\u1ec7u qu\u1ea3 trong vi\u1ec7c ch\u1ed1ng l\u1ea1i c\u00e1c g\u1ed1c ung th\u01b0 kh\u00e1c nhau. \u0110\u1ed1i v\u1edbi nh\u1eefng ng\u01b0\u1eddi c\u00f3 nguy c\u01a1 \u0111\u1ed1i m\u1eb7t v\u1edbi c\u00e1c b\u1ec7nh ung th\u01b0 tuy\u1ebfn ti\u1ec1n li\u1ec7t v\u00e0 ung th\u01b0 v\u00fa, n\u01b0\u1edbc \u00e9p tr\u00e1i c\u00e2y n\u00e0y s\u1ebd gi\u00fap h\u1ecd gi\u1ea3m nguy c\u01a1 ph\u00e1t tri\u1ec3n c\u00e1c t\u1ebf b\u00e0o x\u1ea5u. Th\u01b0\u1eddng xuy\u00ean u\u1ed1ng n\u01b0\u1edbc \u00e9p l\u1ef1u c\u00f2n c\u00f3 th\u1ec3 l\u00e0m gi\u1ea3m n\u1ed3ng \u0111\u1ed9 PSA trong c\u01a1 th\u1ec3 v\u00e0 h\u1ed7 tr\u1ee3 b\u1ea1n trong vi\u1ec7c ch\u1ed1ng l\u1ea1i c\u00e1c t\u1ebf b\u00e0o ung th\u01b0 hi\u1ec7n c\u00f3 trong c\u01a1 th\u1ec3.<img decoding=\"async\" class=\"aligncenter\" src=\"https:\/\/havamall.vn\/wp-content\/uploads\/2019\/03\/1-1502687808106-26-0-744-1200-crop-1502688403360.jpg\" width=\"741\" height=\"443\" \/><\/li>\n<li><strong>Thi\u1ebfu m\u00e1u:\u00a0<\/strong>L\u1ef1u l\u00e0 ngu\u1ed3n cung c\u1ea5p l\u01b0\u1ee3ng s\u1eaft tuy\u1ec7t v\u1eddi cho m\u00e1u, l\u00e0m gi\u1ea3m c\u00e1c tri\u1ec7u ch\u1ee9ng thi\u1ebfu m\u00e1u, bao g\u1ed3m m\u1ec7t m\u1ecfi,\u00a0ch\u00f3ng m\u1eb7t, suy nh\u01b0\u1ee3c v\u00e0 suy gi\u1ea3m kh\u1ea3 n\u0103ng nghe. Ch\u00fang ta c\u00f3 th\u1ec3 duy tr\u00ec l\u01b0u l\u01b0\u1ee3ng m\u00e1u kh\u1ecfe m\u1ea1nh trong c\u01a1 th\u1ec3 b\u1eb1ng c\u00e1ch \u0103n th\u1eadt nhi\u1ec1u l\u1ef1u v\u1edbi nhi\u1ec1u c\u00e1ch nh\u01b0 \u0103n s\u1ed1ng, u\u1ed1ng n\u01b0\u1edbc \u00e9p hay l\u00e0m s\u1eefa chua.<\/li>\n<li><strong>B\u1ec7nh ti\u1ec3u \u0111\u01b0\u1eddng:\u00a0<\/strong>\u0110\u1ed1i v\u1edbi nh\u1eefng b\u1ec7nh nh\u00e2n m\u1eafc b\u1ec7nh ti\u1ec3u \u0111\u01b0\u1eddng, u\u1ed1ng n\u01b0\u1edbc \u00e9p l\u1ef1u c\u00f3 th\u1ec3 gi\u00fap h\u1ecd gi\u1ea3m nguy c\u01a1 b\u1ec7nh m\u1ea1ch v\u00e0nh \u1edf nh\u1eefng v\u1ecb tr\u00ed kh\u00e1c nhau. \u0110\u1ed3ng th\u1eddi, ch\u00fang c\u0169ng c\u00f3 t\u00e1c d\u1ee5ng l\u00e0m gi\u1ea3m x\u01a1 c\u1ee9ng \u0111\u1ed9ng m\u1ea1ch, h\u1ea1n ch\u1ebf s\u1ef1 ph\u00e1t tri\u1ec3n c\u1ee7a c\u00e1c b\u1ec7nh tim m\u1ea1ch.<\/li>\n<li><strong>Kh\u00e1ng virus:\u00a0<\/strong>N\u01b0\u1edbc \u00e9p l\u1ef1u cung c\u1ea5p vitamin C v\u00e0 c\u00e1c d\u01b0\u1ee1ng ch\u1ea5t t\u0103ng c\u01b0\u1eddng mi\u1ec5n d\u1ecbch kh\u00e1c nh\u01b0 vitamin E, gi\u00fap ng\u0103n ng\u1eeba b\u1ec7nh t\u1eadt v\u00e0 ch\u1ed1ng nhi\u1ec5m tr\u00f9ng. Ngo\u00e0i ra, c\u00e1c nghi\u00ean c\u1ee9u c\u00f2n ch\u1ec9 ra l\u1ef1u c\u00f3 kh\u1ea3 n\u0103ng kh\u00e1ng khu\u1ea9n v\u00e0 kh\u00e1ng virus.<\/li>\n<\/ol>\n<p><img decoding=\"async\" class=\"aligncenter\" src=\"https:\/\/havamall.vn\/wp-content\/uploads\/2019\/03\/shutterstock_381323761-min.jpg\" alt=\"H\u00c3\u00acnh \u00e1\u00ba\u00a3nh c\u00c3\u00b3 li\u00c3\u00aan quan\" width=\"756\" height=\"504\" \/><\/p>\n<p>Theo th\u1eddi gian, c\u00e0ng nhi\u1ec1u ng\u01b0\u1eddi \u0111\u00e3 b\u1eaft \u0111\u1ea7u bi\u1ebft \u0111\u1ebfn l\u1ee3i \u00edch v\u00e0 t\u1ea7m quan tr\u1ecdng c\u1ee7a\u00a0c\u00e1c lo\u1ea1i n\u01b0\u1edbc \u00e9p tr\u00e1i c\u00e2y. Th\u1ebf nh\u01b0ng hi\u1ebfm lo\u1ea1i tr\u00e1i n\u00e0o c\u00f3 nhi\u1ec1u l\u1ee3i \u00edch th\u1ea7n k\u1ef3 nh\u01b0 qu\u1ea3 l\u1ef1u trong vi\u1ec7c ki\u1ec3m so\u00e1t c\u00e1c v\u1ea5n \u0111\u1ec1 v\u1ec1 l\u00e3o h\u00f3a nh\u01b0 n\u1ebfp nh\u0103n, t\u1eeb \u0111\u00f3 mang l\u1ea1i cho b\u1ea1n l\u00e0n da t\u01b0\u01a1i tr\u1ebb v\u00e0 r\u1ea1ng r\u1ee1. Ngo\u00e0i ra, n\u00f3 c\u00f3 th\u1ec3 gi\u00fap ph\u1ee5 n\u1eef v\u01b0\u1ee3t qua h\u1ed9i ch\u1ee9ng tr\u1ea7m c\u1ea3m trong giai \u0111o\u1ea1n kinh nguy\u1ec7t, \u0111\u1eb7c bi\u1ec7t sau th\u1eddi k\u00ec m\u00e3n kinh.<\/p>\n<p>Nh\u01b0 c\u00e1c b\u1ea1n \u0111\u00e3 th\u1ea5y th\u00eam m\u1ed9t ch\u00fat n\u01b0\u1edbc \u00e9p l\u1ef1u v\u00e0o ch\u1ebf \u0111\u1ed9 \u0103n c\u1ee7a c\u00f3 th\u1ec3 l\u00e0m gi\u1ea3m nguy c\u01a1 m\u1eafc c\u00e1c b\u1ec7nh m\u00e3n t\u00ednh v\u00e0 c\u00e1c b\u1ec7nh vi\u00eam nhi\u1ec5m. U\u1ed1ng n\u01b0\u1edbc \u00e9p l\u1ef1u c\u0169ng l\u00e0 m\u1ed9t l\u1ef1a ch\u1ecdn tuy\u1ec7t v\u1eddi \u0111\u1ec3 c\u00f3 \u0111\u01b0\u1ee3c h\u00e0m l\u01b0\u1ee3ng ch\u1ea5t dinh d\u01b0\u1ee1ng t\u1ed1i \u01b0u, \u0111\u1ed3ng th\u1eddi l\u00e0m t\u0103ng l\u01b0\u1ee3ng ch\u1ea5t ch\u1ed1ng \u00f4-xy h\u00f3a c\u00f3 s\u1eb5n.<\/p>\n<p>N\u01b0\u1edbc \u00e9p l\u1ef1u ch\u1ee9a v\u00f4 s\u1ed1 nh\u1eefng l\u1ee3i \u00edch s\u1ee9c kh\u1ecfe nh\u01b0 th\u1ebf, v\u1eady sao ch\u00fang ta kh\u00f4ng th\u01b0\u1edfng th\u1ee9c ngay lo\u1ea1i n\u01b0\u1edbc u\u1ed1ng n\u00e0y ng\u00e0y v\u00e0 c\u00f9ng ch\u1edd \u0111\u1ee3i nh\u1eefng l\u1ee3i \u00edch tuy\u1ec7t v\u1eddi m\u00e0 ch\u00fang \u0111em l\u1ea1i n\u00e0o!<\/p>","protected":false},"excerpt":{"rendered":"<p>N\u01b0\u1edbc \u00e9p l\u1ef1u l\u00e0 th\u1ee9c u\u1ed1ng c\u00f3 l\u1ee3i cho s\u1ee9c kh\u1ecfe, s\u1eafc \u0111\u1eb9p. B\u1ea1n s\u1ebd b\u1ea5t ng\u1edd khi bi\u1ebft r\u1eb1ng l\u1ef1u c\u00f2n c\u00f3 kh\u1ea3 n\u0103ng gi\u1ea3m vi\u00eam, c\u00e2n b\u1eb1ng huy\u1ebft \u00e1p hay c\u1ea3i thi\u1ec7n b\u1ed9 nh\u1edb.T\u1eeb b\u00e2y gi\u1edd \u0111i \u0111\u00e2u c\u0169ng c\u00f3 th\u1ec3 d\u00f9ng N\u01b0\u1edbc L\u1ef1u Woongjin m\u00e0 ch\u1eb3ng c\u1ea7n lo ng\u1ea1i g\u00ec n\u1eefa.<\/p>","protected":false},"featured_media":10052,"comment_status":"open","ping_status":"closed","template":"","meta":[],"product_brand":[],"product_cat":[36,135,143],"product_tag":[],"class_list":{"0":"post-10048","1":"product","2":"type-product","3":"status-publish","4":"has-post-thumbnail","6":"product_cat-thuc-pham-tieu-dung","7":"product_cat-sua-do-uong","8":"product_cat-thuc-pham-dong-hop","10":"first","11":"outofstock","12":"sale","13":"shipping-taxable","14":"purchasable","15":"product-type-simple"},"_links":{"self":[{"href":"https:\/\/havamall.vn\/en\/wp-json\/wp\/v2\/product\/10048"}],"collection":[{"href":"https:\/\/havamall.vn\/en\/wp-json\/wp\/v2\/product"}],"about":[{"href":"https:\/\/havamall.vn\/en\/wp-json\/wp\/v2\/types\/product"}],"replies":[{"embeddable":true,"href":"https:\/\/havamall.vn\/en\/wp-json\/wp\/v2\/comments?post=10048"}],"version-history":[{"count":0,"href":"https:\/\/havamall.vn\/en\/wp-json\/wp\/v2\/product\/10048\/revisions"}],"wp:featuredmedia":[{"embeddable":true,"href":"https:\/\/havamall.vn\/en\/wp-json\/wp\/v2\/media\/10052"}],"wp:attachment":[{"href":"https:\/\/havamall.vn\/en\/wp-json\/wp\/v2\/media?parent=10048"}],"wp:term":[{"taxonomy":"product_brand","embeddable":true,"href":"https:\/\/havamall.vn\/en\/wp-json\/wp\/v2\/product_brand?post=10048"},{"taxonomy":"product_cat","embeddable":true,"href":"https:\/\/havamall.vn\/en\/wp-json\/wp\/v2\/product_cat?post=10048"},{"taxonomy":"product_tag","embeddable":true,"href":"https:\/\/havamall.vn\/en\/wp-json\/wp\/v2\/product_tag?post=10048"}],"curies":[{"name":"wp","href":"https:\/\/api.w.org\/{rel}","templated":true}]}}