{"id":10041,"date":"2019-03-15T12:00:52","date_gmt":"2019-03-15T05:00:52","guid":{"rendered":"https:\/\/havamall.vn\/?post_type=product&#038;p=10041"},"modified":"2019-05-10T15:29:54","modified_gmt":"2019-05-10T08:29:54","slug":"nuoc-tao-woongjin","status":"publish","type":"product","link":"https:\/\/havamall.vn\/en\/shop\/nuoc-tao-woongjin\/","title":{"rendered":"N\u01b0\u1edbc \u00c9p T\u00e1o Apple Water Woongjin"},"content":{"rendered":"<p>N\u01b0\u1edbc \u00e9p t\u00e1o Woongjin c\u00f3 ch\u1ee9a nhi\u1ec1u c\u00e1c vitamin A, C, gi\u00fap t\u0103ng c\u01b0\u1eddng h\u1ec7 mi\u1ec5n d\u1ecbch v\u00e0 ch\u1ed1ng oxy h\u00f3a h\u1eefu hi\u1ec7u. B\u00ean c\u1ea1nh \u0111\u00f3, n\u01b0\u1edbc t\u00e1o Woongjin c\u00f2n ch\u1ee9a nhi\u1ec1u kho\u00e1ng ch\u1ea5t gi\u00fap b\u1ea1n duy tr\u00ec v\u00e0 c\u1ea3i thi\u1ec7n l\u00e0n da m\u1ec1m m\u1ea1i, m\u00e1i t\u00f3c b\u00f3ng m\u01b0\u1ee3t,\u2026<\/p>\n<p>S\u1ea3n ph\u1ea9m \u0111\u01b0\u1ee3c s\u1ea3n xu\u1ea5t t\u1eeb tr\u00e1i c\u00e2y nguy\u00ean ch\u1ea5t, kh\u00f4ng ph\u1ea9m m\u00e0u, kh\u00f4ng ch\u1ee9a ch\u1ea5t b\u1ea3o qu\u1ea3n, \u0111\u1ea1t ti\u00eau chu\u1ea9n an to\u00e0n v\u1ec7 sinh th\u1ef1c ph\u1ea9m.\u00a0N\u01b0\u1edbc \u00e9p t\u00e1o nguy\u00ean ch\u1ea5t d\u00e0nh cho m\u1ecdi gia \u0111\u00ecnh v\u00f4 c\u00f9ng b\u1ed5 d\u01b0\u1ee1ng v\u00e0 thu\u1eadn ti\u1ec7n, c\u00f3 t\u00e1c d\u1ee5ng gi\u1ea3m nhi\u1ec7t c\u01a1 th\u1ec3 v\u00e0 t\u0103ng c\u01b0\u1eddng vitamin C.<\/p>\n<p><img fetchpriority=\"high\" decoding=\"async\" class=\"aligncenter\" src=\"https:\/\/havamall.vn\/wp-content\/uploads\/2019\/03\/Apple_Juice_52939276-1-1920x1200.jpg\" alt=\"K\u00e1\u00ba\u00bft qu\u00e1\u00ba\u00a3 h\u00c3\u00acnh \u00e1\u00ba\u00a3nh cho n\u00c6\u00b0\u00e1\u00bb\u009bc \u00c3\u00a9p t\u00c3\u00a1o\" width=\"791\" height=\"494\" \/><\/p>\n<p>N\u01b0\u1edbc \u00e9p t\u00e1o c\u00f3 gi\u00e1 tr\u1ecb dinh d\u01b0\u1ee1ng cao n\u00ean r\u1ea5t t\u1ed1t cho s\u1ee9c kh\u1ecfe<\/p>\n<p><strong>Ng\u0103n ng\u1eeba hen suy\u1ec5n:\u00a0<\/strong>N\u01b0\u1edbc \u00e9p\u00a0t\u00e1o\u00a0ch\u1ee9a flavonoid n\u00ean c\u00f3 th\u1ec3 gi\u00fap b\u1ea1n ng\u0103n ng\u1eeba s\u1ef1 b\u00f9ng ph\u00e1t c\u1ee7a c\u00e1c c\u01a1n hen suy\u1ec5n. N\u00f3 c\u0169ng c\u00f3 th\u1ec3 gi\u00fap ph\u1ed5i c\u1ee7a b\u1ea1n kh\u1ecfe m\u1ea1nh \u0111\u1ec3 c\u00f3 th\u1ec3 ki\u1ec3m so\u00e1t b\u1ec7nh hen suy\u1ec5n m\u1ed9t c\u00e1ch t\u1ed1t h\u01a1n.\u00a0Theo c\u00e1c\u00a0nghi\u00ean c\u1ee9u, nh\u1eefng ng\u01b0\u1eddi u\u1ed1ng n\u01b0\u1edbc \u00e9p t\u00e1o m\u1ed7i ng\u00e0y c\u00f3 nguy c\u01a1 b\u1ecb hen suy\u1ec5n th\u1ea5p h\u01a1n nhi\u1ec1u l\u1ea7n so v\u1edbi nh\u1eefng ng\u01b0\u1eddi kh\u00f4ng u\u1ed1ng lo\u1ea1i n\u01b0\u1edbc \u00e9p n\u00e0y.<\/p>\n<p><strong>T\u1ed1t cho\u00a0tim m\u1ea1ch:\u00a0<\/strong>N\u01b0\u1edbc \u00e9p\u00a0t\u00e1o\u00a0gi\u00e0u\u00a0ch\u1ea5t ch\u1ed1ng oxy h\u00f3a nh\u01b0 polyphenol v\u00e0 flavonoid n\u00ean r\u1ea5t c\u00f3 l\u1ee3i cho tr\u00e1i tim c\u1ee7a b\u1ea1n. Ngo\u00e0i ra, n\u01b0\u1edbc \u00e9p t\u00e1o c\u0169ng c\u00f3 ch\u1ee9a nhi\u1ec1u kali, m\u1ed9t trong nh\u1eefng kho\u00e1ng ch\u1ea5t c\u00f3 vai tr\u00f2 quan tr\u1ecdng \u0111\u1ed1i v\u1edbi\u00a0s\u1ee9c kh\u1ecfe\u00a0tim m\u1ea1ch.\u00a0U\u1ed1ng n\u01b0\u1edbc \u00e9p t\u00e1o m\u1ed7i ng\u00e0y c\u00f3 th\u1ec3 gi\u00fap b\u1ea1n t\u0103ng c\u01b0\u1eddng ch\u1ee9c n\u0103ng c\u1ee7a tim m\u1ea1ch.<\/p>\n<p>&nbsp;<\/p>\n<p><img decoding=\"async\" class=\"wp-image-10044\" src=\"https:\/\/havamall.vn\/wp-content\/uploads\/2019\/03\/tao.jpg\" alt=\"\" width=\"765\" height=\"511\" \/><\/p>\n<p><strong>Gi\u1ea3m cholesterol:\u00a0<\/strong>N\u1ebfu b\u1ea1n \u0111ang c\u1ed1 g\u1eafng h\u1ebft s\u1ee9c \u0111\u1ec3 gi\u1ea3m l\u01b0\u1ee3ng cholesterol trong m\u00e1u th\u00ec \u0111\u1eebng qu\u00ean u\u1ed1ng n\u01b0\u1edbc \u00e9p t\u00e1o.\u00a0N\u01b0\u1edbc \u00e9p t\u00e1o c\u00f3 ch\u1ee9a nhi\u1ec1u vitamin, kho\u00e1ng ch\u1ea5t v\u00e0 ch\u1ea5t ch\u1ed1ng oxy h\u00f3a n\u00ean c\u00f3 th\u1ec3 gi\u00fap b\u1ea1n ki\u1ec3m so\u00e1t cholesterol.<\/p>\n<p><strong>L\u00e0m s\u1ea1ch gan:\u00a0<\/strong>\u0110\u1ed9 ki\u1ec1m c\u1ee7a n\u01b0\u1edbc \u00e9p t\u00e1o gi\u00fap l\u00e0m s\u1ea1ch c\u00e1c ch\u1ea5t th\u1ea3i t\u00edch t\u1ee5 trong gan v\u00e0 c\u00f3 th\u1ec3 gi\u00fap b\u1ea1n duy tr\u00ec \u0111\u1ed9 pH c\u1ee7a c\u01a1 th\u1ec3.\u00a0Pectin c\u00f3 trong n\u01b0\u1edbc \u00e9p t\u00e1o c\u0169ng c\u00f3 th\u1ec3 gi\u00fap b\u1ea1n gi\u1eef cho h\u1ec7 th\u1ed1ng\u00a0ti\u00eau h\u00f3a\u00a0kh\u1ecfe m\u1ea1nh.<\/p>\n<p><strong>T\u0103ng c\u01b0\u1eddng kh\u1ea3 n\u0103ng mi\u1ec5n d\u1ecbch:\u00a0<\/strong>B\u1ea1n c\u00f3 th\u1ec3 d\u1ec5 b\u1ecb nhi\u1ec5m tr\u00f9ng v\u00e0 d\u1ecb \u1ee9ng do kh\u1ea3 n\u0103ng mi\u1ec5n d\u1ecbch y\u1ebfu. U\u1ed1ng n\u01b0\u1edbc \u00e9p t\u00e1o l\u00e0 c\u00e1ch \u0111\u01a1n gi\u1ea3n nh\u1ea5t gi\u00fap b\u1ea1n t\u0103ng c\u01b0\u1eddng kh\u1ea3 n\u0103ng mi\u1ec5n d\u1ecbch v\u00e0 ng\u0103n ng\u1eeba nhi\u1ec1u lo\u1ea1i b\u1ec7nh kh\u00e1c nhau.<\/p>\n<p><img decoding=\"async\" class=\"wp-image-10045 aligncenter\" src=\"https:\/\/havamall.vn\/wp-content\/uploads\/2019\/03\/tao2.png\" alt=\"\" width=\"832\" height=\"468\" srcset=\"https:\/\/havamall.vn\/wp-content\/uploads\/2019\/03\/tao2.png 1366w, https:\/\/havamall.vn\/wp-content\/uploads\/2019\/03\/tao2-430x242.png 430w, https:\/\/havamall.vn\/wp-content\/uploads\/2019\/03\/tao2-150x84.png 150w, https:\/\/havamall.vn\/wp-content\/uploads\/2019\/03\/tao2-700x394.png 700w\" sizes=\"(max-width: 832px) 100vw, 832px\" \/><\/p>\n<p>Nh\u1edd c\u00f3 gi\u00e1 tr\u1ecb dinh d\u01b0\u1ee1ng cao n\u00ean lo\u1ea1i N\u01b0\u1edbc \u00e9p Woongjin n\u00e0y mang \u0111\u1ebfn r\u1ea5t nhi\u1ec1u l\u1ee3i \u00edch cho s\u1ee9c kh\u1ecfe.<\/p>","protected":false},"excerpt":{"rendered":"<p>N\u01b0\u1edbc \u00e9p t\u00e1o t\u01b0\u01a1i Woongjin\u00a0v\u1edbi\u00a0h\u01b0\u01a1ng v\u1ecb\u00a0th\u01a1m ngon, gi\u00fap b\u1ed5 sung n\u0103ng l\u01b0\u1ee3ng v\u00e0 vitamin thi\u1ebft y\u1ebfu cho c\u01a1 th\u1ec3 c\u1ee7a b\u1ea1n.<\/p>","protected":false},"featured_media":10046,"comment_status":"open","ping_status":"closed","template":"","meta":[],"product_brand":[],"product_cat":[36,135,143],"product_tag":[],"class_list":{"0":"post-10041","1":"product","2":"type-product","3":"status-publish","4":"has-post-thumbnail","6":"product_cat-thuc-pham-tieu-dung","7":"product_cat-sua-do-uong","8":"product_cat-thuc-pham-dong-hop","10":"first","11":"outofstock","12":"sale","13":"shipping-taxable","14":"purchasable","15":"product-type-simple"},"_links":{"self":[{"href":"https:\/\/havamall.vn\/en\/wp-json\/wp\/v2\/product\/10041"}],"collection":[{"href":"https:\/\/havamall.vn\/en\/wp-json\/wp\/v2\/product"}],"about":[{"href":"https:\/\/havamall.vn\/en\/wp-json\/wp\/v2\/types\/product"}],"replies":[{"embeddable":true,"href":"https:\/\/havamall.vn\/en\/wp-json\/wp\/v2\/comments?post=10041"}],"version-history":[{"count":0,"href":"https:\/\/havamall.vn\/en\/wp-json\/wp\/v2\/product\/10041\/revisions"}],"wp:featuredmedia":[{"embeddable":true,"href":"https:\/\/havamall.vn\/en\/wp-json\/wp\/v2\/media\/10046"}],"wp:attachment":[{"href":"https:\/\/havamall.vn\/en\/wp-json\/wp\/v2\/media?parent=10041"}],"wp:term":[{"taxonomy":"product_brand","embeddable":true,"href":"https:\/\/havamall.vn\/en\/wp-json\/wp\/v2\/product_brand?post=10041"},{"taxonomy":"product_cat","embeddable":true,"href":"https:\/\/havamall.vn\/en\/wp-json\/wp\/v2\/product_cat?post=10041"},{"taxonomy":"product_tag","embeddable":true,"href":"https:\/\/havamall.vn\/en\/wp-json\/wp\/v2\/product_tag?post=10041"}],"curies":[{"name":"wp","href":"https:\/\/api.w.org\/{rel}","templated":true}]}}