{"id":10034,"date":"2019-03-15T11:40:39","date_gmt":"2019-03-15T04:40:39","guid":{"rendered":"https:\/\/havamall.vn\/?post_type=product&#038;p=10034"},"modified":"2019-05-10T15:30:01","modified_gmt":"2019-05-10T08:30:01","slug":"nuoc-nha-dam-woongjin","status":"publish","type":"product","link":"https:\/\/havamall.vn\/en\/shop\/nuoc-nha-dam-woongjin\/","title":{"rendered":"N\u01b0\u1edbc Nha \u0110am Aloe Vera Water Woongjin"},"content":{"rendered":"<p>Trong nh\u1eefng ng\u00e0y th\u1eddi ti\u1ebft n\u1eafng n\u00f3ng, ch\u1eafc ch\u1eafn b\u1ea1n s\u1ebd c\u1ea7n \u0111\u1ebfn ngay m\u1ed9t lo\u1ea1i v\u0169 kh\u00ed c\u00f3 th\u1ec3 \u0111\u1eadp tan c\u01a1n kh\u00e1t hay s\u1ef1 m\u1ec7t m\u1ecfi c\u1ee7a m\u00ecnh. V\u00e0 ch\u1eafc ch\u1eafn s\u1ea3n ph\u1ea9m\u00a0n\u01b0\u1edbc nha \u0111am Woongjin ch\u00ednh l\u00e0 g\u1ee3i \u00fd ho\u00e0n h\u1ea3o nh\u1ea5t. S\u1ea3n ph\u1ea9m c\u00f3 h\u01b0\u01a1ng v\u1ecb r\u1ea5t th\u01a1m ngon v\u00e0 \u0111\u1eb7c bi\u1ec7t kh\u00f4ng mang l\u1ea1i c\u1ea3m gi\u00e1c b\u1ecb pha ch\u1ebf qu\u00e1 nhi\u1ec1u. \u0110\u00e2y l\u00e0 b\u00ed quy\u1ebft gi\u00fap b\u1ed5 sung n\u0103ng l\u01b0\u1ee3ng hi\u1ec7u qu\u1ea3 c\u0169ng nh\u01b0 cung c\u1ea5p c\u00e1c vitamin c\u1ea7n thi\u1ebft cho c\u01a1 th\u1ec3 sau nh\u1eefng gi\u1edd ho\u1ea1t \u0111\u1ed9ng m\u1ec7t m\u1ecfi. N\u01b0\u1edbc nha \u0111am Woongjin chi\u1ebft xu\u1ea5t t\u1eeb nha \u0111am (l\u00f4 h\u1ed9i) nguy\u00ean ch\u1ea5t m\u00e0 kh\u00f4ng k\u1ebft h\u1ee3p th\u00eam b\u1ea5t k\u1ef3 lo\u1ea1i ph\u1ea9m m\u00e0u n\u00e0o.<img fetchpriority=\"high\" decoding=\"async\" class=\"wp-image-10037 aligncenter\" src=\"https:\/\/havamall.vn\/wp-content\/uploads\/2019\/03\/nhadam.png\" alt=\"\" width=\"630\" height=\"573\" srcset=\"https:\/\/havamall.vn\/wp-content\/uploads\/2019\/03\/nhadam.png 600w, https:\/\/havamall.vn\/wp-content\/uploads\/2019\/03\/nhadam-430x392.png 430w, https:\/\/havamall.vn\/wp-content\/uploads\/2019\/03\/nhadam-150x137.png 150w\" sizes=\"(max-width: 630px) 100vw, 630px\" \/>N\u01b0\u1edbc nha \u0111am Woongjin l\u00e0 lo\u1ea1i n\u01b0\u1edbc u\u1ed1ng \u0111\u1ebfn t\u1eeb H\u00e0n Qu\u1ed1c v\u1edbi th\u00e0nh ph\u1ea7n ho\u00e0n to\u00e0n t\u1ef1 nhi\u00ean v\u00e0 \u0111\u01b0\u1ee3c pha ch\u1ebf theo c\u00f4ng th\u1ee9c \u0111\u1eb7c bi\u1ec7t \u0111\u1ebfn t\u1eeb c\u00f4ng ty Woongjin. \u0110\u00e2y l\u00e0 th\u01b0\u01a1ng hi\u1ec7u \u0111\u1ed3 u\u1ed1ng m\u00e0 b\u1ea1n c\u00f3 th\u1ec3 \u0111\u00e3 r\u1ea5t quen thu\u1ed9c v\u1edbi s\u1ea3n ph\u1ea9m n\u01b0\u1edbc g\u1ea1o. N\u01b0\u1edbc nha \u0111am Woongjin s\u1ebd mang \u0111\u1ebfn cho b\u1ea1n m\u1ed9t c\u1ea3m nh\u1eadn \u0111\u1ea7y m\u1edbi l\u1ea1 v\u00e0 th\u00fa v\u1ecb.\u00a0\u0110\u00e2y l\u00e0 s\u1ea3n ph\u1ea9m b\u00e1n ch\u1ea1y nh\u1ea5t t\u1ea1i th\u1ecb tr\u01b0\u1eddng H\u00e0n Qu\u1ed1c, Nh\u1eadt b\u1ea3n, v\u00e0 trong kho\u1ea3ng 2 n\u0103m tr\u1edf l\u1ea1i \u0111\u00e2y th\u00ec \u0111ang \u0111\u01b0\u1ee3c r\u1ea5t nhi\u1ec1u ng\u01b0\u1eddi ti\u00eau d\u00f9ng vi\u1ec7t nam l\u1ef1a ch\u1ecdn.<\/p>\n<p><img decoding=\"async\" class=\"aligncenter\" src=\"https:\/\/havamall.vn\/wp-content\/uploads\/2019\/03\/95f0fe37b07659280067.jpg\" width=\"719\" height=\"407\" \/><\/p>\n<p>&nbsp;<\/p>\n<p><strong>C\u00f4ng d\u1ee5ng tuy\u1ec7t v\u1eddi t\u1eeb n\u01b0\u1edbc nha \u0111am h\u00e0n qu\u1ed1c:\u00a0<\/strong><\/p>\n<ol>\n<li>R\u1ea5t t\u1ed1t cho s\u1ef1 ph\u1ee5c h\u1ed3i v\u1ebft th\u01b0\u01a1ng<\/li>\n<li>Ti\u00eau di\u1ec7t m\u1ee5n, l\u00e0m se kh\u00edt l\u1ed7 ch\u00e2n l\u00f4ng cho b\u1ea1n m\u1ed9t l\u00e0n da s\u0103n ch\u1eafc.<\/li>\n<li>Gi\u00fap l\u00e0n da tr\u1eafng s\u1eafng, d\u1ecbu m\u00e1t v\u00e0 thanh nhi\u1ec7t.<\/li>\n<li>Ng\u0103n ng\u1eeba qu\u00e1 tr\u00ecnh l\u00e3o h\u00f3a da.<\/li>\n<li>M\u1ed7i ng\u00e0y u\u1ed1ng 1 chai N\u01b0\u1edbc nha \u0111am Woongjin\u00a0thay n\u01b0\u1edbc l\u00e0 b\u1ea1n c\u00f3 th\u1ec3 s\u1edf h\u1eefu m\u1ed9t l\u00e0n da nh\u01b0 \u00fd mu\u1ed1n, \u00edt n\u1ed5i m\u1ee5n v\u00e0 s\u00e1ng kh\u1ecfe t\u1ef1 nhi\u00ean.<\/li>\n<\/ol>\n<p><img decoding=\"async\" class=\"wp-image-10038 aligncenter\" src=\"https:\/\/havamall.vn\/wp-content\/uploads\/2019\/03\/nhadam2.png\" alt=\"\" width=\"779\" height=\"438\" srcset=\"https:\/\/havamall.vn\/wp-content\/uploads\/2019\/03\/nhadam2.png 1280w, https:\/\/havamall.vn\/wp-content\/uploads\/2019\/03\/nhadam2-430x242.png 430w, https:\/\/havamall.vn\/wp-content\/uploads\/2019\/03\/nhadam2-150x84.png 150w, https:\/\/havamall.vn\/wp-content\/uploads\/2019\/03\/nhadam2-700x394.png 700w\" sizes=\"(max-width: 779px) 100vw, 779px\" \/><\/p>\n<p>\u0110i\u1ec3m \u1ea5n t\u01b0\u1ee3ng v\u1ec1 bao b\u00ec c\u1ee7a s\u1ea3n ph\u1ea9m l\u00e0 m\u1ed9t m\u00e0u xanh l\u00e1 nh\u1eb9 nh\u00e0ng r\u1ea5t d\u1ecbu m\u1eaft. Tr\u00ean l\u1edbp nh\u00e3n c\u0169ng \u0111\u01b0\u1ee3c trang tr\u00ed th\u00eam nh\u1eefng h\u00ecnh \u1ea3nh v\u00e0 d\u00f2ng ch\u1eef H\u00e0n Qu\u1ed1c kh\u00e1 b\u1eaft m\u1eaft v\u00e0 t\u1ea1o \u0111\u01b0\u1ee3c \u1ea5n t\u01b0\u1ee3ng m\u1ea1nh m\u1ebd cho kh\u00e1ch h\u00e0ng.\u00a0Theo l\u1eddi khuy\u00ean t\u1eeb nh\u00e0 s\u1ea3n xu\u1ea5t, s\u1ea3n ph\u1ea9m s\u1ebd c\u00f3 m\u00f9i v\u1ecb tuy\u1ec7t v\u1eddi v\u00e0 ngon l\u00e0nh h\u01a1n khi u\u1ed1ng l\u1ea1nh ho\u1eb7c k\u1ebft h\u1ee3p v\u1edbi \u0111\u00e1.<\/p>","protected":false},"excerpt":{"rendered":"<p>Nh\u1eefng m\u1eb7t h\u00e0ng\u00a0th\u1ef1c ph\u1ea9m ch\u1ee9c n\u0103ng\u00a0v\u1edbi vai tr\u00f2 b\u1ed5 sung ch\u1ea5t dinh d\u01b0\u1ee1ng v\u00e0 t\u0103ng c\u01b0\u1eddng s\u1ee9c kh\u1ecfe cho c\u01a1 th\u1ec3 lu\u00f4n chi\u1ebfm \u0111\u01b0\u1ee3c s\u1ef1 quan t\u00e2m r\u1ea5t l\u1edbn t\u1eeb ng\u01b0\u1eddi ti\u00eau d\u00f9ng. Trong s\u1ed1 \u0111\u00f3, s\u1ea3n ph\u1ea9m N\u01b0\u1edbc nha \u0111am Woongjin g\u00e2y \u1ea5n t\u01b0\u1ee3ng v\u00ec kh\u00e1 d\u1ec5 u\u1ed1ng v\u00e0 c\u00f3 c\u00f4ng d\u1ee5ng r\u1ea5t h\u1eefu \u00edch \u0111\u1ed1i v\u1edbi s\u1ee9c kh\u1ecfe<\/p>","protected":false},"featured_media":10039,"comment_status":"open","ping_status":"closed","template":"","meta":[],"product_brand":[],"product_cat":[36,135,143],"product_tag":[],"class_list":{"0":"post-10034","1":"product","2":"type-product","3":"status-publish","4":"has-post-thumbnail","6":"product_cat-thuc-pham-tieu-dung","7":"product_cat-sua-do-uong","8":"product_cat-thuc-pham-dong-hop","10":"first","11":"outofstock","12":"sale","13":"shipping-taxable","14":"purchasable","15":"product-type-simple"},"_links":{"self":[{"href":"https:\/\/havamall.vn\/en\/wp-json\/wp\/v2\/product\/10034"}],"collection":[{"href":"https:\/\/havamall.vn\/en\/wp-json\/wp\/v2\/product"}],"about":[{"href":"https:\/\/havamall.vn\/en\/wp-json\/wp\/v2\/types\/product"}],"replies":[{"embeddable":true,"href":"https:\/\/havamall.vn\/en\/wp-json\/wp\/v2\/comments?post=10034"}],"version-history":[{"count":0,"href":"https:\/\/havamall.vn\/en\/wp-json\/wp\/v2\/product\/10034\/revisions"}],"wp:featuredmedia":[{"embeddable":true,"href":"https:\/\/havamall.vn\/en\/wp-json\/wp\/v2\/media\/10039"}],"wp:attachment":[{"href":"https:\/\/havamall.vn\/en\/wp-json\/wp\/v2\/media?parent=10034"}],"wp:term":[{"taxonomy":"product_brand","embeddable":true,"href":"https:\/\/havamall.vn\/en\/wp-json\/wp\/v2\/product_brand?post=10034"},{"taxonomy":"product_cat","embeddable":true,"href":"https:\/\/havamall.vn\/en\/wp-json\/wp\/v2\/product_cat?post=10034"},{"taxonomy":"product_tag","embeddable":true,"href":"https:\/\/havamall.vn\/en\/wp-json\/wp\/v2\/product_tag?post=10034"}],"curies":[{"name":"wp","href":"https:\/\/api.w.org\/{rel}","templated":true}]}}