{"id":10026,"date":"2019-03-15T11:10:31","date_gmt":"2019-03-15T04:10:31","guid":{"rendered":"https:\/\/havamall.vn\/?post_type=product&#038;p=10026"},"modified":"2019-05-10T15:30:08","modified_gmt":"2019-05-10T08:30:08","slug":"nuoc-gao-woongjin-han-quoc","status":"publish","type":"product","link":"https:\/\/havamall.vn\/en\/shop\/nuoc-gao-woongjin-han-quoc\/","title":{"rendered":"N\u01b0\u1edbc G\u1ea1o Rice Water Woongjin"},"content":{"rendered":"<p>N\u01b0\u1edbc g\u1ea1o H\u00e0n Qu\u1ed1c\u00a0\u0111\u01b0\u1ee3c bi\u1ebft \u0111\u1ebfn nh\u01b0 m\u1ed9t lo\u1ea1i th\u1ef1c ph\u1ea9m, m\u1ed9t lo\u1ea1i s\u1eefa b\u1ed5 sung ch\u1ea5t dinh d\u01b0\u1ee1ng v\u00e0 n\u0103ng l\u01b0\u1ee3ng cho c\u01a1 th\u1ec3. Ng\u00e0y nay, v\u1edbi c\u00f4ng ngh\u1ec7 chi\u1ebft xu\u1ea5t s\u1eefa g\u1ea1o v\u1edbi c\u00f4ng th\u1ee9c \u0111\u1eb7c bi\u1ec7t \u0111\u1ebfn t\u1eeb H\u00e0n Qu\u1ed1c, b\u1ea1n c\u00f3 th\u1ec3 t\u1eadn h\u01b0\u1edfng nh\u1eefng ly n\u01b0\u1edbc g\u1ea1o th\u01a1m ngon, gi\u00e0u d\u01b0\u1ee1ng ch\u1ea5t ngay t\u1ea1i Vi\u1ec7t Nam.<\/p>\n<p><img fetchpriority=\"high\" decoding=\"async\" class=\"aligncenter\" src=\"https:\/\/havamall.vn\/wp-content\/uploads\/2019\/03\/cach-lam-nuoc-gao-rang-5-600x433.jpg\" alt=\"N\u00c6\u00b0\u00e1\u00bb\u009bc g\u00e1\u00ba\u00a1o rang cung c\u00e1\u00ba\u00a5p nhi\u00e1\u00bb\u0081u vitamin v\u00c3\u00a0 kho\u00c3\u00a1ng ch\u00e1\u00ba\u00a5t cho c\u00c6\u00a1 th\u00e1\u00bb\u0083 - u\u00e1\u00bb\u0091ng n\u00c6\u00b0\u00e1\u00bb\u009bc g\u00e1\u00ba\u00a1o rang c\u00c3\u00b3 t\u00c3\u00a1c d\u00e1\u00bb\u00a5ng g\u00c3\u00ac\" width=\"736\" height=\"530\" \/><\/p>\n<p>N\u01b0\u1edbc g\u1ea1o H\u00e0n Qu\u1ed1c \u0111\u00f3ng vai tr\u00f2 nh\u01b0 m\u1ed9t lo\u1ea1i d\u01b0\u1ee1ng ch\u1ea5t b\u1ed5 sung n\u0103ng l\u01b0\u1ee3ng cho c\u01a1 th\u1ec3. B\u1ea1n c\u00f3 th\u1ec3 u\u1ed1ng n\u01b0\u1edbc g\u1ea1o H\u00e0n Qu\u1ed1c \u0111\u1ec3 thay th\u1ebf c\u00e1c lo\u1ea1i s\u1eefa h\u00e0ng ng\u00e0y.<\/p>\n<p><strong>N\u01b0\u1edbc g\u1ea1o rang cung c\u1ea5p n\u01b0\u1edbc cho c\u01a1 th\u1ec3:<\/strong>\u00a0N\u01b0\u1edbc g\u1ea1o rang c\u00f3 th\u1ec3 thay th\u1ebf n\u01b0\u1edbc l\u1ecdc m\u00e0 b\u1ea1n cung c\u1ea5p cho c\u01a1 th\u1ec3 h\u00e0ng ng\u00e0y. M\u1ed7i ng\u00e0y v\u1edbi m\u1ed9t c\u1ed1c n\u01b0\u1edbc g\u1ea1o rang c\u0169ng nh\u01b0 k\u1ebft h\u1ee3p v\u1edbi nhi\u1ec1u lo\u1ea1i rau xanh, tr\u00e1i c\u00e2y th\u00ec ch\u1eafc ch\u1eafn b\u1ea1n s\u1ebd kh\u00f4ng ph\u1ea3i lo c\u01a1 th\u1ec3 m\u00ecnh b\u1ecb thi\u1ebfu n\u01b0\u1edbc.<\/p>\n<p><strong>N\u01b0\u1edbc g\u1ea1o rang cung c\u1ea5p c\u00e1c vitamin, kho\u00e1ng ch\u1ea5t c\u00f3 l\u1ee3i:<\/strong>\u00a0Trong n\u01b0\u1edbc g\u1ea1o rang c\u00f3 r\u1ea5t nhi\u1ec1u kho\u00e1ng ch\u1ea5t, vitamin c\u00f3 l\u1ee3i nh\u01b0 vitamin B, E, ch\u1ea5t x\u01a1\u2026 B\u1edfi th\u1ebf khi \u0111i v\u00e0o c\u01a1 th\u1ec3, n\u01b0\u1edbc g\u1ea1o rang s\u1ebd gi\u00fap m\u00e1t gan, gi\u1ea3m c\u00e1c tri\u1ec7u ch\u1ee9ng n\u00f3ng trong, t\u00e1o b\u00f3n. \u0110\u1eb7c bi\u1ec7t, n\u01b0\u1edbc g\u1ea1o rang r\u1ea5t t\u1ed1t cho nh\u1eefng ng\u01b0\u1eddi b\u1ecb b\u1ec7nh gout, ti\u00eau \u0111\u01b0\u1eddng.<\/p>\n<p><img decoding=\"async\" class=\"aligncenter\" src=\"https:\/\/havamall.vn\/wp-content\/uploads\/2019\/03\/sua-gao-lut.jpg\" alt=\"K\u00e1\u00ba\u00bft qu\u00e1\u00ba\u00a3 h\u00c3\u00acnh \u00e1\u00ba\u00a3nh cho n\u00c6\u00b0\u00e1\u00bb\u009bc g\u00e1\u00ba\u00a1o rang\" width=\"739\" height=\"554\" \/><\/p>\n<p><strong>N\u01b0\u1edbc g\u1ea1o rang l\u00e0m \u0111\u1eb9p da:<\/strong>\u00a0Ngo\u00e0i vi\u1ec7c u\u1ed1ng tr\u1ef1c ti\u1ebfp v\u00e0o c\u01a1 th\u1ec3, r\u1ea5t nhi\u1ec1u ch\u1ecb em c\u0169ng \u00e1p d\u1ee5ng c\u00f4ng th\u1ee9c r\u1eeda m\u1eb7t b\u1eb1ng n\u01b0\u1edbc g\u1ea1o rang. Khi th\u1ea9m th\u1ea5u v\u00e0o da, n\u01b0\u1edbc g\u1ea1o rang s\u1ebd gi\u00fap da s\u00e1ng, kho\u1ebb v\u00e0 se kh\u00edt l\u1ed7 ch\u00e2n l\u00f4ng m\u1ed9t c\u00e1ch t\u1ef1 nhi\u00ean. B\u00ean c\u1ea1nh \u0111\u00f3 N\u01b0\u1edbc g\u1ea1o rang c\u00f2n gi\u1ea3m b\u00e9o hi\u1ec7u qu\u1ea3.<\/p>\n<p><img decoding=\"async\" class=\"wp-image-10033 aligncenter\" src=\"https:\/\/havamall.vn\/wp-content\/uploads\/2019\/03\/gao2.png\" alt=\"\" width=\"727\" height=\"454\" srcset=\"https:\/\/havamall.vn\/wp-content\/uploads\/2019\/03\/gao2.png 1024w, https:\/\/havamall.vn\/wp-content\/uploads\/2019\/03\/gao2-430x268.png 430w, https:\/\/havamall.vn\/wp-content\/uploads\/2019\/03\/gao2-150x93.png 150w, https:\/\/havamall.vn\/wp-content\/uploads\/2019\/03\/gao2-700x436.png 700w\" sizes=\"(max-width: 727px) 100vw, 727px\" \/><\/p>\n<p><strong>Th\u00e0nh ph\u1ea7n<\/strong>: \u0110\u01b0\u1ee3c l\u00e0m t\u1eeb g\u1ea1o tr\u1eafng, g\u1ea1o l\u1ee9c, khoai lang c\u1ee7a H\u00e0n Qu\u1ed1c<\/p>\n<p>N\u01b0\u1edbc g\u1ea1o rang H\u00e0n Qu\u1ed1c gi\u00fap th\u01b0 gi\u00e3n tinh th\u1ea7n, gi\u1ea3m c\u0103ng th\u1eb3ng n\u00ean r\u1ea5t t\u1ed1t cho nh\u1eefng ng\u01b0\u1eddi th\u01b0\u1eddng xuy\u00ean m\u1ea5t ng\u1ee7.<\/p>\n<p>T\u0103ng c\u01b0\u1eddng s\u1ee9c \u0111\u1ec1 kh\u00e1ng, gi\u1ea3m ho, c\u1ea3m c\u00fam.\u00a0C\u00f3 th\u1ec3 thay th\u1ebf c\u00e1c b\u1eefa \u0103n ph\u1ee5.<\/p>\n<p>U\u1ed1ng n\u01b0\u1edbc g\u1ea1o rang cung c\u1ea5p n\u0103ng l\u01b0\u1ee3ng, b\u1ed5 sung c\u00e1c kho\u00e1ng ch\u1ea5t v\u00e0 vitamin, r\u1ea5t t\u1ed1t cho ng\u01b0\u1eddi th\u01b0\u1eddng xuy\u00ean m\u1ec7t m\u1ecfi, lao \u0111\u1ed9ng ch\u00e2n tay.<\/p>\n<p>&nbsp;<\/p>","protected":false},"excerpt":{"rendered":"<p>N\u01b0\u1edbc g\u1ea1o rang Woongjin v\u1edbi th\u00e0nh ph\u1ea7n \u0111\u01b0\u1ee3c l\u00e0m t\u1eeb 100% g\u1ea1o H\u00e0n Qu\u1ed1c v\u00e0 n\u01b0\u1edbc tinh khi\u1ebft thi\u00ean nhi\u00ean, v\u1edbi h\u01b0\u01a1ng v\u1ecb th\u01a1m ngon gi\u00fap b\u1ed5 sung n\u0103ng l\u01b0\u1ee3ng, vitamin thi\u1ebft y\u1ebfu, cho c\u01a1 th\u1ec3 thanh nhi\u1ec7t trong nh\u1eefng ng\u00e0y n\u1eafng n\u00f3ng.<\/p>","protected":false},"featured_media":10029,"comment_status":"open","ping_status":"closed","template":"","meta":[],"product_brand":[],"product_cat":[36,135,143],"product_tag":[],"class_list":{"0":"post-10026","1":"product","2":"type-product","3":"status-publish","4":"has-post-thumbnail","6":"product_cat-thuc-pham-tieu-dung","7":"product_cat-sua-do-uong","8":"product_cat-thuc-pham-dong-hop","10":"first","11":"outofstock","12":"sale","13":"shipping-taxable","14":"purchasable","15":"product-type-simple"},"_links":{"self":[{"href":"https:\/\/havamall.vn\/en\/wp-json\/wp\/v2\/product\/10026"}],"collection":[{"href":"https:\/\/havamall.vn\/en\/wp-json\/wp\/v2\/product"}],"about":[{"href":"https:\/\/havamall.vn\/en\/wp-json\/wp\/v2\/types\/product"}],"replies":[{"embeddable":true,"href":"https:\/\/havamall.vn\/en\/wp-json\/wp\/v2\/comments?post=10026"}],"version-history":[{"count":0,"href":"https:\/\/havamall.vn\/en\/wp-json\/wp\/v2\/product\/10026\/revisions"}],"wp:featuredmedia":[{"embeddable":true,"href":"https:\/\/havamall.vn\/en\/wp-json\/wp\/v2\/media\/10029"}],"wp:attachment":[{"href":"https:\/\/havamall.vn\/en\/wp-json\/wp\/v2\/media?parent=10026"}],"wp:term":[{"taxonomy":"product_brand","embeddable":true,"href":"https:\/\/havamall.vn\/en\/wp-json\/wp\/v2\/product_brand?post=10026"},{"taxonomy":"product_cat","embeddable":true,"href":"https:\/\/havamall.vn\/en\/wp-json\/wp\/v2\/product_cat?post=10026"},{"taxonomy":"product_tag","embeddable":true,"href":"https:\/\/havamall.vn\/en\/wp-json\/wp\/v2\/product_tag?post=10026"}],"curies":[{"name":"wp","href":"https:\/\/api.w.org\/{rel}","templated":true}]}}