{"id":10017,"date":"2019-03-15T10:43:29","date_gmt":"2019-03-15T03:43:29","guid":{"rendered":"https:\/\/havamall.vn\/?post_type=product&#038;p=10017"},"modified":"2019-11-06T16:26:09","modified_gmt":"2019-11-06T09:26:09","slug":"nuoc-hong-sam-dongwon","status":"publish","type":"product","link":"https:\/\/havamall.vn\/en\/shop\/nuoc-hong-sam-dongwon\/","title":{"rendered":"N\u01b0\u1edbc H\u1ed3ng S\u00e2m Red Ginseng Dongwon"},"content":{"rendered":"<p>H\u1ed3ng s\u00e2m H\u00e0n Qu\u1ed1c l\u00e0 m\u1ed9t trong nh\u1eefng s\u1ea3n ph\u1ea9m \u0111\u01b0\u1ee3c ch\u1ebf bi\u1ebfn t\u1eeb nh\u00e2n s\u00e2m \u0111\u01b0\u1ee3c m\u1ecdi ng\u01b0\u1eddi \u01b0a chu\u1ed9ng, v\u00ec n\u00f3 mang l\u1ea1i nhi\u1ec1u l\u1ee3i \u00edch h\u01a1n v\u00e0 c\u00f9ng d\u1ec5 s\u1eed d\u1ee5ng h\u01a1n so v\u1edbi nh\u00e2n s\u00e2m t\u01b0\u01a1i. Nh\u00e2n s\u00e2m t\u01b0\u01a1i th\u01b0\u1eddng c\u00f3 t\u00ednh h\u00e0n, kh\u00f4ng ph\u1ea3i ai c\u0169ng d\u1ec5 s\u1eed d\u1ee5ng \u0111\u01b0\u1ee3c, v\u00e0 n\u1ebfu d\u00f9ng t\u00f9y ti\u1ec7n th\u00ec r\u1ea5t d\u1ec5 g\u00e2y ra ph\u1ea3n \u1ee9ng ph\u1ee5.<\/p>\n<p><img fetchpriority=\"high\" decoding=\"async\" class=\"wp-image-10020 aligncenter\" src=\"https:\/\/havamall.vn\/wp-content\/uploads\/2019\/03\/sam.png\" alt=\"\" width=\"667\" height=\"445\" srcset=\"https:\/\/havamall.vn\/wp-content\/uploads\/2019\/03\/sam.png 1040w, https:\/\/havamall.vn\/wp-content\/uploads\/2019\/03\/sam-430x287.png 430w, https:\/\/havamall.vn\/wp-content\/uploads\/2019\/03\/sam-150x100.png 150w, https:\/\/havamall.vn\/wp-content\/uploads\/2019\/03\/sam-700x467.png 700w\" sizes=\"(max-width: 667px) 100vw, 667px\" \/><\/p>\n<p>Nh\u01b0ng \u0111\u1ed1i v\u1edbi H\u1ed3ng s\u00e2m l\u00e0 s\u1ea3n ph\u1ea9m\u00a0\u0111\u01b0\u1ee3c ch\u1ebf bi\u1ebfn t\u1eeb nh\u00e2n s\u00e2m t\u01b0\u01a1i. \u0110i\u1ec1u \u0111\u1eb7c bi\u1ec7t \u1edf s\u1ea3n ph\u1ea9m n\u00e0y l\u00e0 sau khi \u0111\u01b0\u1ee3c ch\u1ebf bi\u1ebfn th\u00ec th\u00e0nh ph\u1ea7n Saponin \u0111\u00e3 cao h\u01a1n h\u1eb3n so v\u1edbi nh\u00e2n s\u00e2m t\u01b0\u01a1i ban \u0111\u1ea7u. V\u00ec th\u1ebf, h\u1ed3ng s\u00e2m th\u01b0\u1eddng \u0111\u01b0\u1ee3c \u0111\u00e1nh gi\u00e1 cao h\u01a1n h\u1eb3n so v\u1edbi nh\u00e2n s\u00e2m t\u01b0\u01a1i.\u00a0Ngo\u00e0i ra, h\u1ed3ng s\u00e2m c\u00f3 t\u00ednh \u00f4n n\u00ean ph\u00f9 h\u1ee3p v\u1edbi h\u1ea7u h\u1ebft m\u1ecdi \u0111\u1ed1i t\u01b0\u1ee3ng, kh\u00f4ng g\u00e2y ra nh\u1eefng t\u00e1c d\u1ee5ng ph\u1ee5 n\u00ean n\u00f3 \u0111\u01b0\u1ee3c d\u00f9ng ph\u1ed5 bi\u1ebfn h\u01a1n v\u00e0 gi\u00e1 th\u00e0nh c\u0169ng cao h\u01a1n.\u00a0H\u01a1n n\u1eefa, H\u1ed3ng s\u00e2m c\u00f2n \u0111\u01b0\u1ee3c ch\u1ebf bi\u1ebfn th\u00e0nh nhi\u1ec1u d\u1ea1ng s\u1ea3n ph\u1ea9m kh\u00e1c nhau \u0111\u1ec3 ph\u00f9 h\u1ee3p v\u1edbi nhi\u1ec1u \u0111\u1ed1i t\u01b0\u1ee3ng nh\u01b0 H\u1ed3ng s\u00e2m baby d\u00e0nh cho tr\u1ebb em, vi\u00ean u\u1ed1ng h\u1ed3ng s\u00e2m, n\u01b0\u1edbc h\u1ed3ng s\u00e2m, cao h\u1ed3ng s\u00e2m\u2026<\/p>\n<p><img decoding=\"async\" class=\"wp-image-10021 aligncenter\" src=\"https:\/\/havamall.vn\/wp-content\/uploads\/2019\/03\/sam2.png\" alt=\"\" width=\"620\" height=\"388\" srcset=\"https:\/\/havamall.vn\/wp-content\/uploads\/2019\/03\/sam2.png 700w, https:\/\/havamall.vn\/wp-content\/uploads\/2019\/03\/sam2-430x269.png 430w, https:\/\/havamall.vn\/wp-content\/uploads\/2019\/03\/sam2-150x94.png 150w\" sizes=\"(max-width: 620px) 100vw, 620px\" \/><\/p>\n<p><strong>C\u00f4ng d\u1ee5ng c\u1ee7a n\u01b0\u1edbc \u00a0h\u1ed3ng s\u00e2m Dongwon:\u00a0<\/strong><\/p>\n<ol>\n<li>Ch\u1ed1ng suy nh\u01b0\u1ee3c c\u01a1 th\u1ec3, d\u00f9ng cho ng\u01b0\u1eddi \u0111ang b\u1ecb \u1ed1m, sau \u1ed1m hay ng\u01b0\u1eddi v\u1eeba ph\u1ea9u thu\u1eadt.<\/li>\n<li>T\u0103ng s\u1ee9c \u0111\u1ec1 kh\u00e1ng, gi\u1ea3m x\u01a1 v\u1eefa \u0111\u1ed9ng m\u1ea1ch, gi\u1ea3m cholesterol, gi\u1ea3m stress, t\u0103ng ch\u1ee9c n\u0103ng gan th\u1eadn, gi\u1ea3i \u0111\u1ed9c gan do r\u01b0\u1ee3u<\/li>\n<li>T\u0103ng\u00a0 qu\u00e1 tr\u00ecnh trao \u0111\u1ed5i ch\u1ea5t, t\u0103ng kh\u1ea3 n\u0103ng l\u00e0m vi\u1ec7c, t\u0103ng tr\u00ed l\u1ef1c, gi\u00fap \u0111\u1ea7u \u00f3c t\u1ec9nh t\u00e1o, minh m\u1eabn.<\/li>\n<li>Ch\u1ed1ng l\u00e3o h\u00f3a, gi\u00fap da d\u1ebb m\u1ecbn m\u00e0ng, h\u1ed3ng h\u00e0o, ch\u1ed1ng n\u00e1m da, s\u1ea1m da.<\/li>\n<li>Ph\u00f2ng ch\u1ed1ng ung th\u01b0, gi\u1ea3m t\u00e1c h\u1ea1i c\u1ee7a qu\u00e1 tr\u00ecnh h\u00f3a, x\u1ea1 tr\u1ecb c\u1ee7a ng\u01b0\u1eddi \u0111ang \u0111i\u1ec1u tr\u1ecb b\u1ec7nh ung th\u01b0.<\/li>\n<\/ol>\n<p><img decoding=\"async\" class=\"aligncenter\" src=\"https:\/\/havamall.vn\/wp-content\/uploads\/2019\/03\/876afb5bd06f1c43b337cf1a743f7178_grande.jpg\" alt=\"K\u00e1\u00ba\u00bft qu\u00e1\u00ba\u00a3 h\u00c3\u00acnh \u00e1\u00ba\u00a3nh cho N\u00c6\u00b0\u00e1\u00bb\u009bc nh\u00c3\u00a2n s\u00c3\u00a2m 180 ml dongwon\" \/><\/p>\n<p>Ngo\u00e0i ra H\u1ed3ng s\u00e2m c\u00f2n c\u00f3 t\u00e1c d\u1ee5ng:\u00a0ng\u0103n ng\u1eeba v\u00e0 h\u1ed7 tr\u1ee3 \u0111i\u1ec1u tr\u1ecb nhi\u1ec1u c\u0103n b\u1ec7nh nguy hi\u1ec3m nh\u01b0 tim m\u1ea1ch, huy\u1ebft \u00e1p, ti\u1ec3u \u0111\u01b0\u1eddng, gan, th\u1eadn&#8230; v\u00e0 \u0111\u1eb7c bi\u1ec7t l\u00e0 b\u1ec7nh ung th\u01b0. H\u01a1n n\u1eefa h\u1ed3ng s\u00e2m c\u00f2n c\u00f3 t\u00e1c d\u1ee5ng trong vi\u1ec7c k\u00e9o d\u00e0i tu\u1ed5i th\u1ecd, c\u1ea3i thi\u1ec7n ch\u1ee9ng \u0111\u00e3ng tr\u00ed \u1edf ng\u01b0\u1eddi gi\u00e0, t\u0103ng c\u01b0\u1eddng v\u00e0 c\u1ea3i thi\u1ec7n sinh l\u00fd cho ph\u00e1i m\u1ea1nh\u2026<\/p>\n<p>&nbsp;<\/p>\n<p>&nbsp;<\/p>","protected":false},"excerpt":{"rendered":"<p>N\u1ebfu nh\u01b0 nh\u00e2n s\u00e2m t\u01b0\u01a1i c\u00f3 th\u1ec3 kh\u00f4ng h\u1ee3p v\u1edbi c\u01a1 \u0111\u1ecba, th\u1ec3 tr\u1ea1ng c\u1ee7a m\u1ed9t s\u1ed1 ng\u01b0\u1eddi th\u00ec N\u01b0\u1edbc H\u1ed3ng S\u00e2m Dong won H\u00e0n Qu\u1ed1c l\u1ea1i l\u00e0 s\u1ea3n ph\u1ea9m th\u00edch h\u1ee3p v\u1edbi t\u1ea5t c\u1ea3 \u0111\u1ed1i t\u01b0\u1ee3ng, m\u1ecdi l\u1ee9a tu\u1ed5i t\u1eeb tr\u1ebb em t\u1edbi ng\u01b0\u1eddi gi\u00e0, l\u00e0 lo\u1ea1i thu\u1ed1c u\u1ed1ng b\u1ed5 d\u01b0\u1ee1ng \u0111\u1eb7c bi\u1ec7t d\u00e0nh cho nam gi\u1edbi.<\/p>","protected":false},"featured_media":10023,"comment_status":"open","ping_status":"closed","template":"","meta":[],"product_brand":[],"product_cat":[36,135,143],"product_tag":[],"class_list":{"0":"post-10017","1":"product","2":"type-product","3":"status-publish","4":"has-post-thumbnail","6":"product_cat-thuc-pham-tieu-dung","7":"product_cat-sua-do-uong","8":"product_cat-thuc-pham-dong-hop","10":"first","11":"outofstock","12":"sale","13":"shipping-taxable","14":"purchasable","15":"product-type-simple"},"_links":{"self":[{"href":"https:\/\/havamall.vn\/en\/wp-json\/wp\/v2\/product\/10017"}],"collection":[{"href":"https:\/\/havamall.vn\/en\/wp-json\/wp\/v2\/product"}],"about":[{"href":"https:\/\/havamall.vn\/en\/wp-json\/wp\/v2\/types\/product"}],"replies":[{"embeddable":true,"href":"https:\/\/havamall.vn\/en\/wp-json\/wp\/v2\/comments?post=10017"}],"version-history":[{"count":0,"href":"https:\/\/havamall.vn\/en\/wp-json\/wp\/v2\/product\/10017\/revisions"}],"wp:featuredmedia":[{"embeddable":true,"href":"https:\/\/havamall.vn\/en\/wp-json\/wp\/v2\/media\/10023"}],"wp:attachment":[{"href":"https:\/\/havamall.vn\/en\/wp-json\/wp\/v2\/media?parent=10017"}],"wp:term":[{"taxonomy":"product_brand","embeddable":true,"href":"https:\/\/havamall.vn\/en\/wp-json\/wp\/v2\/product_brand?post=10017"},{"taxonomy":"product_cat","embeddable":true,"href":"https:\/\/havamall.vn\/en\/wp-json\/wp\/v2\/product_cat?post=10017"},{"taxonomy":"product_tag","embeddable":true,"href":"https:\/\/havamall.vn\/en\/wp-json\/wp\/v2\/product_tag?post=10017"}],"curies":[{"name":"wp","href":"https:\/\/api.w.org\/{rel}","templated":true}]}}