{"id":10008,"date":"2019-03-15T10:19:27","date_gmt":"2019-03-15T03:19:27","guid":{"rendered":"https:\/\/havamall.vn\/?post_type=product&#038;p=10008"},"modified":"2019-11-06T16:26:16","modified_gmt":"2019-11-06T09:26:16","slug":"nuoc-mat-ong-vitamin-c-dongwon","status":"publish","type":"product","link":"https:\/\/havamall.vn\/en\/shop\/nuoc-mat-ong-vitamin-c-dongwon\/","title":{"rendered":"N\u01b0\u1edbc M\u1eadt Ong Vitamin C Honey Water Dongwon"},"content":{"rendered":"<p>M\u1eadt ong l\u00e0 m\u1ed9t th\u1ef1c ph\u1ea9m l\u00e0nh m\u1ea1nh, c\u00f3 v\u1ecb ng\u1ecdt t\u1ef1 nhi\u00ean, l\u1ea1i r\u1ea5t t\u1ed1t cho\u00a0s\u1ee9c kh\u1ecfe. T\u1eeb x\u01b0a \u0111\u1ebfn nay n\u00f3 lu\u00f4n \u0111\u01b0\u1ee3c s\u1eed d\u1ee5ng \u0111\u1ec3 ch\u1eefa r\u1ea5t nhi\u1ec1u b\u1ec7nh c\u0169ng nh\u01b0 c\u00f3 t\u00e1c d\u1ee5ng\u00a0l\u00e0m \u0111\u1eb9p. M\u1ecdi ng\u01b0\u1eddi u\u1ed1ng\u00a0m\u1eadt ong ngo\u00e0i vi\u1ec7c\u00a0\u0111\u1ec3 c\u00f3 \u0111\u01b0\u1ee3c s\u1ee9c kh\u1ecfe t\u1ed1t, m\u00e0 m\u1eadt ong c\u00f2n \u0111\u01b0\u1ee3c bi\u1ebft \u0111\u1ebfn l\u00e0 m\u1ed9t th\u1ea7n d\u01b0\u1ee3c cho da, trong m\u1eadt ong c\u00f3 nhi\u1ec1u vitamin c\u00f3 t\u00e1c d\u1ee5ng th\u00fac \u0111\u1ea9y s\u1ef1 ph\u00e1t tri\u1ec3n v\u00e0 t\u00e1i t\u1ea1o da r\u1ea5t an to\u00e0n.<\/p>\n<p><img decoding=\"async\" class=\"aligncenter\" src=\"https:\/\/havamall.vn\/wp-content\/uploads\/2019\/03\/cach-pha-tra-lipton-mat-ong-chanh-vo-cung-don-gian-4.jpg\" alt=\"H\u00c3\u00acnh \u00e1\u00ba\u00a3nh c\u00c3\u00b3 li\u00c3\u00aan quan\" \/><\/p>\n<p>V\u00ec th\u1ebf Dongwon \u0111\u00e3 cho ra \u0111\u1eddi N\u01b0\u1edbc M\u1eadt ong Vitamin C Dongwon gi\u00fap cho ch\u00fang ta:<\/p>\n<p>T\u0103ng s\u1ee9c \u0111\u1ec1 kh\u00e1ng<\/p>\n<p>B\u1ea3o v\u1ec7 c\u01a1 th\u1ec3<\/p>\n<p>Gi\u00fap cho c\u01a1 th\u1ec3 c\u00f3 th\u1ec3 d\u1ec5 d\u00e0ng h\u1ea5p th\u1ee5 c\u00e1c d\u01b0\u1ee1ng ch\u1ea5t kh\u00e1c. M\u1eb7t kh\u00e1c c\u0169ng cung c\u1ea5p nh\u1eefng d\u01b0\u1ee1ng ch\u1ea5t gi\u00fap cho h\u1ec7 mi\u1ec5n d\u1ecbch c\u1ee7a m\u1eb9 b\u1ea7u \u0111\u01b0\u1ee3c kh\u1ecfe m\u1ea1nh, tr\u00e1nh \u0111\u01b0\u1ee3c c\u00e1c t\u00ecnh tr\u1ea1ng c\u1ea3m c\u00fam, huy\u1ebft \u00e1p v\u00e0 thi\u1ebfu m\u00e1u&#8230;&#8230;<\/p>\n<p><img fetchpriority=\"high\" decoding=\"async\" class=\"wp-image-10014 aligncenter\" src=\"https:\/\/havamall.vn\/wp-content\/uploads\/2019\/03\/3333333333333.png\" alt=\"\" width=\"791\" height=\"567\" srcset=\"https:\/\/havamall.vn\/wp-content\/uploads\/2019\/03\/3333333333333.png 1024w, https:\/\/havamall.vn\/wp-content\/uploads\/2019\/03\/3333333333333-430x308.png 430w, https:\/\/havamall.vn\/wp-content\/uploads\/2019\/03\/3333333333333-150x108.png 150w, https:\/\/havamall.vn\/wp-content\/uploads\/2019\/03\/3333333333333-700x502.png 700w\" sizes=\"(max-width: 791px) 100vw, 791px\" \/><\/p>\n<p>N\u01b0\u1edbc M\u1eadt ong Vitamin C Dongwon\u00a0\u0111\u01b0\u1ee3c xem l\u00e0m m\u1ed9t lo\u1ea1i n\u01b0\u1edbc gi\u1ea3i kh\u00e1t l\u00fd t\u01b0\u1edfng cho s\u1ee9c kh\u1ecfe c\u1ee7a b\u1ea1n m\u1ed7i ng\u00e0y. Gi\u00fap c\u01a1 th\u1ec3 kho\u1ebb m\u1ea1nh\u00a0b\u1ed5 sung dinh d\u01b0\u1ee1ng, duy tr\u00ec c\u00e1c ch\u1ee9c n\u0103ng v\u00e0 \u0111\u1ed9 d\u1ebbo dai c\u1ee7a kh\u1edbp. N\u1ebfu b\u1ea1n th\u00edch u\u1ed1ng ng\u1ecdt th\u00ec s\u1ea3n ph\u1ea9m\u00a0N\u01b0\u1edbc M\u1eadt ong Vitamin C Dongwon ch\u00ednh l\u00e0 gi\u1ea3i ph\u00e1p t\u1ed1i \u01b0u c\u1ee7a vi\u1ec7c mang \u0111\u1ebfn cho ta s\u1ee9c kh\u1ecfe b\u1ec1n b\u1ec9.<\/p>\n<p>Dong Won H\u00e0n Qu\u1ed1c \u0111\u01b0\u1ee3c bi\u1ebft \u0111\u1ebfn l\u00e0 th\u01b0\u01a1ng hi\u1ec7u s\u1ea3n ph\u1ea9m \u0111\u01b0\u1ee3c chi\u1ebft xu\u1ea5t tr\u00ean d\u00e2y chuy\u1ec1n hi\u1ec7n \u0111\u1ea1i,\u00a0v\u00e0 \u0111\u00f3ng g\u00f3i theo c\u00f4ng ngh\u1ec7 ti\u00ean ti\u1ebfn t\u1ea1i H\u00e0n Qu\u1ed1c,\u00a0Dongwon \u0111ang d\u1eabn \u0111\u1ea7u v\u1ec1 v\u0103n h\u00f3a \u1ea9m th\u1ef1c kh\u1ecfe m\u1ea1nh, phong ph\u00fa cho ng\u01b0\u1eddi ti\u00eau d\u00f9ng b\u1eb1ng vi\u1ec7c s\u1ea3n xu\u1ea5t c\u00e1c s\u1ea3n ph\u1ea9m ch\u1ea5t l\u01b0\u1ee3ng b\u1eb1ng c\u00f4ng ngh\u1ec7 ti\u00ean ti\u1ebfn.\u00a0C\u00e1c s\u1ea3n ph\u1ea9m c\u1ee7a Dongwon \u0111\u01b0\u1ee3c ch\u1ecdn l\u1ef1a t\u1eeb nh\u1eefng nguy\u00ean li\u1ec7u cao c\u1ea5p, tr\u00ean quy tr\u00ecnh ch\u1ebf bi\u1ebfn hi\u1ec7n \u0111\u1ea1i, kh\u00f4ng ch\u1ec9 \u0111\u01b0\u1ee3c ng\u01b0\u1eddi d\u00e2n trong n\u01b0\u1edbc tin d\u00f9ng m\u00e0 c\u00f2n xu\u1ea5t kh\u1ea9u sang c\u00e1c n\u01b0\u1edbc ngo\u00e0i, \u0111\u01b0\u1ee3c nhi\u1ec1u ng\u01b0\u1eddi t\u00ecm mua v\u00e0 s\u0103n \u0111\u00f3n.<\/p>","protected":false},"excerpt":{"rendered":"<p>\u1eaet h\u1eb3n m\u1ecdi ng\u01b0\u1eddi \u0111\u1ec1u bi\u1ebft t\u00e1c d\u1ee5ng c\u1ee7a m\u1eadt ong c\u00f3 r\u1ea5t nhi\u1ec1u, ng\u00e0y nay N\u01b0\u1edbc m\u1eadt ong vitamin C Dongwon mang \u0111\u1ebfn kh\u00f4ng ch\u1ec9 l\u00e0 m\u1ed9t m\u00f3n n\u01b0\u1edbc gi\u1ea3i kh\u00e1t \u0111\u01a1n thu\u1ea7n. M\u00e0 b\u00ean c\u1ea1nh \u0111\u00f3 Dongwon c\u00f2n g\u1eedi \u0111\u1ebfn cho t\u1ea5t c\u1ea3 ch\u00fang ta m\u1ed9t s\u1ee9c kh\u1ecfe v\u00e0ng.<\/p>","protected":false},"featured_media":10015,"comment_status":"open","ping_status":"closed","template":"","meta":[],"product_brand":[],"product_cat":[36,135,143],"product_tag":[],"class_list":{"0":"post-10008","1":"product","2":"type-product","3":"status-publish","4":"has-post-thumbnail","6":"product_cat-thuc-pham-tieu-dung","7":"product_cat-sua-do-uong","8":"product_cat-thuc-pham-dong-hop","10":"first","11":"outofstock","12":"sale","13":"shipping-taxable","14":"purchasable","15":"product-type-simple"},"_links":{"self":[{"href":"https:\/\/havamall.vn\/en\/wp-json\/wp\/v2\/product\/10008"}],"collection":[{"href":"https:\/\/havamall.vn\/en\/wp-json\/wp\/v2\/product"}],"about":[{"href":"https:\/\/havamall.vn\/en\/wp-json\/wp\/v2\/types\/product"}],"replies":[{"embeddable":true,"href":"https:\/\/havamall.vn\/en\/wp-json\/wp\/v2\/comments?post=10008"}],"version-history":[{"count":0,"href":"https:\/\/havamall.vn\/en\/wp-json\/wp\/v2\/product\/10008\/revisions"}],"wp:featuredmedia":[{"embeddable":true,"href":"https:\/\/havamall.vn\/en\/wp-json\/wp\/v2\/media\/10015"}],"wp:attachment":[{"href":"https:\/\/havamall.vn\/en\/wp-json\/wp\/v2\/media?parent=10008"}],"wp:term":[{"taxonomy":"product_brand","embeddable":true,"href":"https:\/\/havamall.vn\/en\/wp-json\/wp\/v2\/product_brand?post=10008"},{"taxonomy":"product_cat","embeddable":true,"href":"https:\/\/havamall.vn\/en\/wp-json\/wp\/v2\/product_cat?post=10008"},{"taxonomy":"product_tag","embeddable":true,"href":"https:\/\/havamall.vn\/en\/wp-json\/wp\/v2\/product_tag?post=10008"}],"curies":[{"name":"wp","href":"https:\/\/api.w.org\/{rel}","templated":true}]}}