{"id":10001,"date":"2019-03-15T09:39:23","date_gmt":"2019-03-15T02:39:23","guid":{"rendered":"https:\/\/havamall.vn\/?post_type=product&#038;p=10001"},"modified":"2021-07-09T13:46:58","modified_gmt":"2021-07-09T06:46:58","slug":"acafela_caramel-macchiato-ca-phe-caramel-binggrae","status":"publish","type":"product","link":"https:\/\/havamall.vn\/en\/shop\/acafela_caramel-macchiato-ca-phe-caramel-binggrae\/","title":{"rendered":"Acaf\u00e9la Caramel Macchiato C\u00e0 ph\u00ea Binggrae"},"content":{"rendered":"<p>C\u00e0 ph\u00ea s\u1eefa <strong>Acaf\u00e9la<\/strong>\u00a0<span style=\"color: #333333;font-family: Roboto, Helvetica Neue, Helvetica, Arial, sans-serif\"><b>Machiato\u00a0<\/b>\u0111\u01b0\u1ee3c s\u1ea3n xu\u1ea5t t\u1eeb\u00a0nh\u1eefng h\u1ea1t c\u00e0 ph\u00ea th\u01a1m ngon,\u00a0qua quy tr\u00ecnh ch\u1ebf bi\u1ebfn kh\u00e9p k\u00edn, c\u00f4ng ngh\u1ec7 ti\u00ean ti\u1ebfn, mang \u0111\u1ebfn cho ng\u01b0\u1eddi ti\u00eau d\u00f9ng s\u1ea3n ph\u1ea9m v\u1edbi h\u01b0\u01a1ng v\u1ecb \u0111\u1eadm \u0111\u00e0, th\u01a1m ngon, k\u00edch th\u00edch v\u1ecb gi\u00e1c. S\u1ea3n ph\u1ea9m thi\u1ebft k\u1ebf \u0111\u00f3ng chai nh\u1ecf g\u1ecdn, c\u00f3 th\u1ec3 mang theo m\u1ecdi l\u00fac m\u1ecdi n\u01a1i \u0111\u1ec3 ti\u1ec7n s\u1eed d\u1ee5ng, th\u00edch h\u1ee3p cho nh\u1eefng ng\u01b0\u1eddi b\u1eadn r\u1ed9n nh\u01b0ng v\u1eabn mu\u1ed1n c\u00f3 ly c\u00e0 ph\u00ea \u0111\u1ec3 th\u01b0\u1edfng th\u1ee9c m\u1ed7i ng\u00e0y.\u00a0<\/span>C\u00e0 ph\u00ea s\u1eefa Acaf\u00e9la\u00a0\u0111\u01b0\u1ee3c nh\u1eadp kh\u1ea9u tr\u1ef1c ti\u1ebfp t\u1eeb H\u00e0n Qu\u1ed1c v\u1edbi h\u01b0\u01a1ng v\u1ecb th\u01a1m ngon, \u0111em l\u1ea1i tr\u1ea3i nghi\u1ec7m th\u00fa v\u1ecb cho ng\u01b0\u1eddi d\u00f9ng.<\/p>\n<p><img fetchpriority=\"high\" decoding=\"async\" class=\"size-full wp-image-10260 aligncenter\" src=\"https:\/\/havamall.vn\/wp-content\/uploads\/2019\/03\/44749290_225518871510184_6247154751925797388_n.jpg\" alt=\"\" width=\"700\" height=\"700\" srcset=\"https:\/\/havamall.vn\/wp-content\/uploads\/2019\/03\/44749290_225518871510184_6247154751925797388_n.jpg 700w, https:\/\/havamall.vn\/wp-content\/uploads\/2019\/03\/44749290_225518871510184_6247154751925797388_n-430x430.jpg 430w, https:\/\/havamall.vn\/wp-content\/uploads\/2019\/03\/44749290_225518871510184_6247154751925797388_n-150x150.jpg 150w\" sizes=\"(max-width: 700px) 100vw, 700px\" \/><\/p>\n<p>&nbsp;<\/p>\n<p>&#8211;\u00a0<strong>C\u00e0 ph\u00ea s\u1eefa Acafela<\/strong>\u00a0\u0111\u01b0\u1ee3c nh\u1eadp kh\u1ea9u tr\u1ef1c ti\u1ebfp t\u1eeb H\u00e0n Qu\u1ed1c.<\/p>\n<p>&#8211; Thi\u1ebft k\u1ebf \u0111\u00f3ng chai 240ml nh\u1ecf g\u1ecdn, c\u00f3 th\u1ec3 mang theo m\u1ecdi l\u00fac, m\u1ecdi n\u01a1i.<\/p>\n<p>&#8211; S\u1ea3n ph\u1ea9m ph\u00f9 h\u1ee3p cho nh\u1eefng ng\u01b0\u1eddi b\u1eadn r\u1ed9n kh\u00f4ng c\u00f3 th\u1eddi gian ra qu\u00e1n c\u00e0 ph\u00ea, g\u00f3p ph\u1ea7n \u0111em l\u1ea1i m\u1ed9t bu\u1ed5i s\u00e1ng b\u1eaft \u0111\u1ea7u h\u1ee9ng kh\u1edfi cho b\u1ea1n.<\/p>\n<p>&#8211; H\u01b0\u01a1ng v\u1ecb c\u00e0 ph\u00ea th\u01a1m ngon, \u0111em l\u1ea1i tr\u1ea3i nghi\u1ec7m th\u00fa v\u1ecb cho ng\u01b0\u1eddi d\u00f9ng.<\/p>\n<p><span style=\"font-weight: 400\">&#8211; Nh\u1ea5m nh\u00e1p m\u1ed9t \u00edt c\u00e0 ph\u00ea kh\u00f4ng ch\u1ec9 gi\u00fap t\u1ec9nh t\u00e1o m\u00e0 c\u00f2n b\u1ea3o v\u1ec7 cho b\u1ed9 n\u00e3o xinh y\u00eau c\u1ee7a b\u1ea1n \u0111\u01b0\u1ee3c kh\u1ecfe m\u1ea1nh v\u00e0 tr\u00e1nh \u0111\u01b0\u1ee3c c\u00e1c b\u1ec7nh l\u00e3o h\u00f3a n\u00e3o nh\u01b0 Alzheimer, Parkinson v\u00e0 gi\u1ea3m c\u00e1c nguy c\u01a1 m\u1eafc ch\u1ee9ng m\u1ea5t tr\u00ed<\/span><span style=\"font-weight: 400\">.<\/span><\/p>\n<p><img decoding=\"async\" src=\"https:\/\/havamall.vn\/wp-content\/uploads\/2019\/03\/68994dc0c4b3b2cb0b509e69c21ea68b.jpg\" alt=\"\" width=\"0\" height=\"0\" \/><\/p>","protected":false},"excerpt":{"rendered":"<div class=\"hover-content more-description\">\n<div class=\"hover-content-inner\">\n<p>N\u1ebfu\u00a0b\u1ea1n l\u00e0 m\u1ed9t fan h\u00e2m m\u1ed9 \u0111\u1eb7c bi\u1ec7t c\u00e1c lo\u1ea1i c\u00e0 ph\u00ea, th\u00ec nay Binggrae \u0111\u00e3 cho ra \u0111\u1eddi Acafela Caramel Macchiato m\u1ed9t s\u1ef1 k\u1ebft h\u1ee3p ho\u00e0n h\u1ea3o \u0111\u1ebfn t\u1eeb \u0111\u1ea5t n\u01b0\u1edbc Ch\u00e2u \u00c2u nay \u0111\u00e3 xu\u1ea5t hi\u1ec7n t\u1ea1i Vi\u1ec7t Nam. T\u1eeb nh\u1eefng h\u1ea1t c\u00e0 ph\u00ea\u00a0h\u1ea3o h\u1ea1ng t\u1eeb Colombia, Brazil v\u00e0 Ethiopia h\u00f2a quy\u1ec7n c\u00f9ng\u00a0v\u1ecb ng\u1ecdt ng\u00e0o c\u1ee7a Caramel \u0111\u00e3 t\u1ea1o n\u00ean s\u1ef1 kh\u00e1c bi\u1ec7t \u0111\u1ebfn t\u1eeb Acafela Caramel Macchiato.<\/p>\n<\/div>\n<\/div>\n<div class=\"woodmart-buttons\">\n<div class=\"wrap-wishlist-button\">\n<div class=\"yith-wcwl-add-to-wishlist add-to-wishlist-9986\">\n<div><\/div>\n<div class=\"yith-wcwl-wishlistaddresponse\"><\/div>\n<\/div>\n<\/div>\n<div class=\"woodmart-add-btn\"><\/div>\n<div class=\"wrap-quickview-button\"><\/div>\n<\/div>","protected":false},"featured_media":10005,"comment_status":"open","ping_status":"closed","template":"","meta":[],"product_brand":[],"product_cat":[36,135,143],"product_tag":[],"class_list":{"0":"post-10001","1":"product","2":"type-product","3":"status-publish","4":"has-post-thumbnail","6":"product_cat-thuc-pham-tieu-dung","7":"product_cat-sua-do-uong","8":"product_cat-thuc-pham-dong-hop","9":"pa_brand-binggrae","11":"first","12":"outofstock","13":"sale","14":"shipping-taxable","15":"purchasable","16":"product-type-variable","17":"has-default-attributes"},"_links":{"self":[{"href":"https:\/\/havamall.vn\/en\/wp-json\/wp\/v2\/product\/10001"}],"collection":[{"href":"https:\/\/havamall.vn\/en\/wp-json\/wp\/v2\/product"}],"about":[{"href":"https:\/\/havamall.vn\/en\/wp-json\/wp\/v2\/types\/product"}],"replies":[{"embeddable":true,"href":"https:\/\/havamall.vn\/en\/wp-json\/wp\/v2\/comments?post=10001"}],"version-history":[{"count":0,"href":"https:\/\/havamall.vn\/en\/wp-json\/wp\/v2\/product\/10001\/revisions"}],"wp:featuredmedia":[{"embeddable":true,"href":"https:\/\/havamall.vn\/en\/wp-json\/wp\/v2\/media\/10005"}],"wp:attachment":[{"href":"https:\/\/havamall.vn\/en\/wp-json\/wp\/v2\/media?parent=10001"}],"wp:term":[{"taxonomy":"product_brand","embeddable":true,"href":"https:\/\/havamall.vn\/en\/wp-json\/wp\/v2\/product_brand?post=10001"},{"taxonomy":"product_cat","embeddable":true,"href":"https:\/\/havamall.vn\/en\/wp-json\/wp\/v2\/product_cat?post=10001"},{"taxonomy":"product_tag","embeddable":true,"href":"https:\/\/havamall.vn\/en\/wp-json\/wp\/v2\/product_tag?post=10001"}],"curies":[{"name":"wp","href":"https:\/\/api.w.org\/{rel}","templated":true}]}}