{"id":2175,"date":"2018-01-20T16:25:10","date_gmt":"2018-01-20T16:25:10","guid":{"rendered":"https:\/\/www.ovidesign.studio\/?page_id=2175"},"modified":"2022-09-22T09:58:29","modified_gmt":"2022-09-22T02:58:29","slug":"phi-van-chuyen","status":"publish","type":"page","link":"https:\/\/havamall.vn\/en\/phi-van-chuyen\/","title":{"rendered":"Ph\u00ed v\u1eadn chuy\u1ec3n"},"content":{"rendered":"<div class=\"title_fck\"><strong>Ph\u00ed v\u1eadn chuy\u1ec3n khi \u0111\u1eb7t h\u00e0ng t\u1ea1i Havamall\u00a0<\/strong><\/div>\n<div id=\"phivanchuyen_fck_1\" class=\"fck_support_page panel-collapse collapse in\">\n<p>Mi\u1ec5n ph\u00ed v\u1eadn chuy\u1ec3n t\u1ea1i\u00a0<b>n\u1ed9i th\u00e0nh th\u00e0nh ph\u1ed1 H\u1ed3 Ch\u00ed Minh<\/b>\u00a0cho c\u00e1c \u0111\u01a1n h\u00e0ng tr\u00ean 500,000\u0111. C\u00e1c \u0111\u01a1n h\u00e0ng d\u01b0\u1edbi 500,000\u0111 qu\u00fd kh\u00e1ch ch\u1ec9 m\u1ea5t 20,000\u0111 \u0111\u1ebfn 50.000\u0111 ph\u00ed v\u1eadn chuy\u1ec3n.<\/p>\n<p class=\"p1\"><strong>L\u01b0u \u00fd: Kh\u00f4ng \u00e1p d\u1ee5ng mi\u1ec5n ship v\u1edbi \u0111\u01a1n h\u00e0ng th\u00f9ng, s\u1ec9, kh\u1ed1i l\u01b0\u1ee3ng c\u00e2n n\u1eb7ng qu\u00e1 10kg.<\/strong><\/p>\n<p class=\"p1\">Th\u1eddi gian giao h\u00e0ng: T\u1eeb 1-2 ng\u00e0y \u0111\u1ed1i v\u1edbi n\u1ed9i th\u00e0nh HCM, t\u1ec9nh t\u1eeb 3-4 ng\u00e0y.<\/p>\n<p>\u0110\u1ed1i v\u1edbi nh\u1eefng kh\u00e1ch h\u00e0ng thu\u1ed9c c\u00e1c<b>\u00a0huy\u1ec7n Tp.HCM: B\u00ecnh Ch\u00e1nh, H\u00f3c M\u00f4n, Nh\u00e0 B\u00e8, B\u00ecnh T\u00e2n\u00a0<\/b>m\u1ee9c ph\u00ed v\u1eadn chuy\u1ec3n l\u00e0 40.000\u0111. Mi\u1ec5n ph\u00ed v\u1eadn chuy\u1ec3n \u0111\u1ed1i v\u1edbi \u0111\u01a1n h\u00e0ng t\u1eeb 3,000.000\u0111 tr\u1edf l\u00ean.<\/p>\n<p>\u0110\u1ed1i v\u1edbi nh\u1eefng kh\u00e1ch h\u00e0ng thu\u1ed9c\u00a0<b>khu v\u1ef1c kh\u00e1c<\/b>, qu\u00fd kh\u00e1ch c\u00f3 th\u1ec3 l\u1ef1a ch\u1ecdn m\u1ed9t trong hai h\u00ecnh th\u1ee9c thanh to\u00e1n: chuy\u1ec3n kho\u1ea3n ho\u1eb7c thanh to\u00e1n tr\u1ef1c ti\u1ebfp khi nh\u1eadn h\u00e0ng. L\u01b0u \u00fd c\u00e1c \u0111\u01a1n h\u00e0ng c\u00f3 gi\u00e1 tr\u1ecb\u00a0<b>tr\u00ean 2.000.000\u0111<\/b>\u00a0ch\u1ec9 \u0111\u01b0\u1ee3c \u00e1p d\u1ee5ng h\u00ecnh th\u1ee9c chuy\u1ec3n kho\u1ea3n.<\/p>\n<p>M\u1ecdi th\u1eafc m\u1eafc kh\u00e1c kh\u00f4ng n\u1eb1m trong b\u1ea3ng c\u00e2u h\u1ecfi th\u01b0\u1eddng g\u1eb7p qu\u00fd kh\u00e1ch vui l\u00f2ng li\u00ean h\u1ec7\u00a0<b>Hotline: 0946229642<\/b>\u00a0\u0111\u1ec3 \u0111\u01b0\u1ee3c h\u1ed7 tr\u1ee3 tr\u1ef1c ti\u1ebfp.<\/p>\n<p><span style=\"color: #ff0000;\"><em>C\u00e1c h\u00e0ng c\u1ed3ng k\u1ec1nh, l\u1ed1 k\u00ed (tr\u00ean 5kg) qu\u00fd kh\u00e1ch vui l\u00f2ng thanh to\u00e1n ph\u1ee5 ph\u00ed ch\u00eanh l\u1ec7ch cho b\u00ean v\u1eadn chuy\u1ec3n.<\/em><\/span><\/p>\n<\/div>","protected":false},"excerpt":{"rendered":"<p>Ph\u00ed v\u1eadn chuy\u1ec3n khi \u0111\u1eb7t h\u00e0ng t\u1ea1i Havamall\u00a0 Mi\u1ec5n ph\u00ed v\u1eadn chuy\u1ec3n t\u1ea1i\u00a0n\u1ed9i th\u00e0nh th\u00e0nh ph\u1ed1 H\u1ed3 Ch\u00ed Minh\u00a0cho c\u00e1c<\/p>","protected":false},"author":1,"featured_media":0,"parent":0,"menu_order":0,"comment_status":"closed","ping_status":"closed","template":"","meta":{"footnotes":""},"class_list":["post-2175","page","type-page","status-publish","hentry"],"_links":{"self":[{"href":"https:\/\/havamall.vn\/en\/wp-json\/wp\/v2\/pages\/2175"}],"collection":[{"href":"https:\/\/havamall.vn\/en\/wp-json\/wp\/v2\/pages"}],"about":[{"href":"https:\/\/havamall.vn\/en\/wp-json\/wp\/v2\/types\/page"}],"author":[{"embeddable":true,"href":"https:\/\/havamall.vn\/en\/wp-json\/wp\/v2\/users\/1"}],"replies":[{"embeddable":true,"href":"https:\/\/havamall.vn\/en\/wp-json\/wp\/v2\/comments?post=2175"}],"version-history":[{"count":0,"href":"https:\/\/havamall.vn\/en\/wp-json\/wp\/v2\/pages\/2175\/revisions"}],"wp:attachment":[{"href":"https:\/\/havamall.vn\/en\/wp-json\/wp\/v2\/media?parent=2175"}],"curies":[{"name":"wp","href":"https:\/\/api.w.org\/{rel}","templated":true}]}}