{"id":2173,"date":"2018-01-20T16:23:25","date_gmt":"2018-01-20T16:23:25","guid":{"rendered":"https:\/\/www.ovidesign.studio\/?page_id=2173"},"modified":"2023-09-05T15:46:43","modified_gmt":"2023-09-05T08:46:43","slug":"huong-dan-dat-hang","status":"publish","type":"page","link":"https:\/\/havamall.vn\/en\/huong-dan-dat-hang\/","title":{"rendered":"H\u01b0\u1edbng d\u1eabn \u0111\u1eb7t h\u00e0ng"},"content":{"rendered":"<div class=\"title_fck\">Qu\u00fd kh\u00e1ch c\u00f3 th\u1ec3 \u0111\u1eb7t h\u00e0ng tr\u1ef1c tuy\u1ebfn \u1edf Website\u00a0<strong>Havamall<\/strong> th\u00f4ng qua c\u00e1c b\u01b0\u1edbc \u0111\u1eb7t h\u00e0ng c\u01a1 b\u1ea3n.<\/div>\n<div id=\"huongdandathang_fck_1\" class=\"fck_support_page panel-collapse collapse in\">\n<p><b>1. T\u00ecm ki\u1ebfm s\u1ea3n ph\u1ea9m:<\/b><\/p>\n<p>Qu\u00fd kh\u00e1ch c\u00f3 th\u1ec3 t\u00ecm s\u1ea3n ph\u1ea9m theo 2 c\u00e1ch:<\/p>\n<ul>\n<li>a. G\u00f5 t\u00ean s\u1ea3n ph\u1ea9m v\u00e0o thanh t\u00ecm ki\u1ebfm.<\/li>\n<li>b. T\u00ecm theo danh m\u1ee5c s\u1ea3n ph\u1ea9m; th\u01b0\u01a1ng hi\u1ec7u s\u1ea3n ph\u1ea9m ho\u1eb7c c\u00f3 th\u1ec3 tham kh\u1ea3o qua nh\u1eefng s\u1ea3n ph\u1ea9m hot, nh\u1eefng s\u1ea3n ph\u1ea9m \u0111ang b\u00e1n ch\u1ea1y, h\u00e0ng sale, M\u1eb9 v\u00e0 B\u00e9&#8230;.<\/li>\n<\/ul>\n<p><b>2. \u0110\u1eb7t h\u00e0ng:<\/b><\/p>\n<p>Khi \u0111\u00e3 t\u00ecm \u0111\u01b0\u1ee3c s\u1ea3n ph\u1ea9m mong mu\u1ed1n, qu\u00fd kh\u00e1ch vui l\u00f2ng b\u1ea5m v\u00e0o h\u00ecnh ho\u1eb7c t\u00ean s\u1ea3n ph\u1ea9m \u0111\u1ec3 v\u00e0o \u0111\u01b0\u1ee3c trang th\u00f4ng tin chi ti\u1ebft c\u1ee7a s\u1ea3n ph\u1ea9m.<\/p>\n<p>Ch\u1ecdn Tu\u1ef3 ch\u1ecdn <strong>Brand<\/strong> c\u1ee7a s\u1ea3n ph\u1ea9m<\/p>\n<p>N\u1ebfu qu\u00fd kh\u00e1ch ch\u1ec9 mu\u1ed1n mua 1 s\u1ea3n ph\u1ea9m v\u1eeba ch\u1ecdn th\u00ec click v\u00e0o \u00f4 \u201c<strong>\u0110\u1eb6T H\u00c0NG<\/strong>\u201d sau \u0111\u00f3 l\u00e0m theo h\u01b0\u1edbng d\u1eabn tr\u00ean Website.<\/p>\n<\/div>\n<p><img fetchpriority=\"high\" decoding=\"async\" class=\"wp-image-13113 aligncenter\" src=\"https:\/\/havamall.vn\/wp-content\/uploads\/2019\/12\/Screen-Shot-2019-12-13-at-9.00.49-AM-copy-300x215.png\" alt=\"\" width=\"668\" height=\"479\" srcset=\"https:\/\/havamall.vn\/wp-content\/uploads\/2019\/12\/Screen-Shot-2019-12-13-at-9.00.49-AM-copy-300x215.png 300w, https:\/\/havamall.vn\/wp-content\/uploads\/2019\/12\/Screen-Shot-2019-12-13-at-9.00.49-AM-copy-430x308.png 430w, https:\/\/havamall.vn\/wp-content\/uploads\/2019\/12\/Screen-Shot-2019-12-13-at-9.00.49-AM-copy-150x107.png 150w, https:\/\/havamall.vn\/wp-content\/uploads\/2019\/12\/Screen-Shot-2019-12-13-at-9.00.49-AM-copy-700x501.png 700w, https:\/\/havamall.vn\/wp-content\/uploads\/2019\/12\/Screen-Shot-2019-12-13-at-9.00.49-AM-copy-768x550.png 768w, https:\/\/havamall.vn\/wp-content\/uploads\/2019\/12\/Screen-Shot-2019-12-13-at-9.00.49-AM-copy-1024x733.png 1024w, https:\/\/havamall.vn\/wp-content\/uploads\/2019\/12\/Screen-Shot-2019-12-13-at-9.00.49-AM-copy-1200x859.png 1200w, https:\/\/havamall.vn\/wp-content\/uploads\/2019\/12\/Screen-Shot-2019-12-13-at-9.00.49-AM-copy-600x429.png 600w, https:\/\/havamall.vn\/wp-content\/uploads\/2019\/12\/Screen-Shot-2019-12-13-at-9.00.49-AM-copy.png 1305w\" sizes=\"(max-width: 668px) 100vw, 668px\" \/><\/p>\n<p>&nbsp;<\/p>\n<div id=\"huongdandathang_fck_1\" class=\"fck_support_page panel-collapse collapse in\">\n<p>\u0110\u1ec3 \u0111\u1eb7t nhi\u1ec1u s\u1ea3n ph\u1ea9m kh\u00e1c nhau v\u00e0o c\u00f9ng 1 \u0111\u01a1n h\u00e0ng, qu\u00fd kh\u00e1ch vui l\u00f2ng th\u1ef1c hi\u1ec7n theo c\u00e1c b\u01b0\u1edbc sau:<\/p>\n<ul>\n<li>a. Qu\u00fd kh\u00e1ch s\u1ebd b\u1ea5m v\u00e0o \u00f4 \u201c th\u00eam v\u00e0o gi\u1ecf h\u00e0ng\u201d v\u00e0 ti\u1ebfp t\u1ee5c t\u00ecm th\u00eam c\u00e1c s\u1ea3n ph\u1ea9m kh\u00e1c.<\/li>\n<li>b. Sau khi \u0111\u00e3 cho c\u00e1c s\u1ea3n ph\u1ea9m c\u1ea7n mua v\u00e0o gi\u1ecf h\u00e0ng, qu\u00fd kh\u00e1ch vui l\u00f2ng b\u1ea5m v\u00e0o n\u00fat \u201cgi\u1ecf h\u00e0ng\u201d b\u00ean g\u00f3c ph\u1ea3i m\u00e0n h\u00ecnh \u0111\u1ec3 xem l\u1ea1i s\u1ea3n ph\u1ea9m \u0111\u00e3 ch\u1ecdn.<\/li>\n<li>c. Trong gi\u1ecf h\u00e0ng c\u1ee7a qu\u00fd kh\u00e1ch b\u00ean g\u00f3c tr\u00e1i c\u00f3 n\u00fat ti\u1ebfp t\u1ee5c mua h\u00e0ng \u0111\u1ec3 qu\u00fd kh\u00e1ch ch\u1ecdn n\u1ebfu nh\u01b0 mu\u1ed1n mua th\u00eam s\u1ea3n ph\u1ea9m kh\u00e1c.<\/li>\n<li>d. Sau khi \u0111\u00e3 ch\u1ecdn \u0111\u01b0\u1ee3c c\u00e1c s\u1ea3n ph\u1ea9m c\u1ea7n mua v\u00e0o gi\u1ecf h\u00e0ng, qu\u00fd kh\u00e1ch vui l\u00f2ng b\u1ea5m n\u00fat \u201cTi\u1ebfn h\u00e0nh \u0111\u1eb7t h\u00e0ng\u201d b\u00ean g\u00f3c ph\u1ea3i m\u00e0n h\u00ecnh.<\/li>\n<\/ul>\n<p><b>3. \u0110\u0103ng nh\u1eadp ho\u1eb7c \u0111\u0103ng k\u00fd t\u00e0i kho\u1ea3n:<\/b><\/p>\n<p>Qu\u00fd kh\u00e1ch vui l\u00f2ng \u0111\u0103ng nh\u1eadp b\u1eb1ng t\u00e0i kho\u1ea3n \u0111\u00e3 c\u00f3 \u1edf\u00a0Ovi Design ho\u1eb7c \u0111\u0103ng nh\u1eadp th\u00f4ng qua Facebook ho\u1eb7c t\u00e0i kho\u1ea3n Google. Trong tr\u01b0\u1eddng h\u1ee3p ch\u01b0a \u0111\u0103ng k\u00fd t\u00e0i kho\u1ea3n, qu\u00fd kh\u00e1ch c\u00f3 th\u1ec3 ch\u1ecdn d\u00f2ng &#8221;\u00a0<b>\u0110\u0103ng k\u00fd ngay<\/b>&#8221; v\u00e0 b\u1eaft \u0111\u1ea7u nh\u1eadp \u0111\u1ecba ch\u1ec9 email, m\u1eadt kh\u1ea9u t\u00f9y \u00fd \u0111\u1ec3 \u0111\u0103ng k\u00fd t\u00e0i kho\u1ea3n.<\/p>\n<p>Qu\u00fd kh\u00e1ch c\u00f3 th\u1ec3 \u0111\u1eb7t h\u00e0ng m\u00e0 kh\u00f4ng c\u1ea7n \u0111\u0103ng nh\u1eadp nh\u01b0ng qu\u00fd kh\u00e1ch l\u01b0u \u00fd ph\u1ea3i \u0111i\u1ec1n \u0111\u1ea7y \u0111\u1ee7 v\u00e0 ch\u00ednh x\u00e1c v\u1ec1 th\u00f4ng tin nh\u1eadn h\u00e0ng, \u0111\u1eb7c bi\u1ec7t l\u00e0 \u0111\u1ecba ch\u1ec9 mail v\u00e0 s\u1ed1 \u0111i\u1ec7n tho\u1ea1i \u0111\u1ec3\u00a0<strong>Havamall<\/strong> x\u00e1c nh\u1eadn \u0111\u01a1n h\u00e0ng.<\/p>\n<p>Sau khi \u0111\u00e3 ho\u00e0n t\u1ea5t c\u00e1c b\u01b0\u1edbc tr\u00ean, qu\u00fd kh\u00e1ch vui l\u00f2ng b\u1ea5m &#8220;<b>Ti\u1ebfp T\u1ee5c<\/b>&#8221; \u0111\u1ec3 \u0111\u1ebfn b\u01b0\u1edbc ti\u1ebfp theo:<\/p>\n<p><b>4. \u0110i\u1ec1n \u0111\u1ecba ch\u1ec9 nh\u1eadn h\u00e0ng:<\/b><\/p>\n<p>Qu\u00fd kh\u00e1ch \u0111i\u1ec1n \u0111\u1ecba ch\u1ec9 nh\u1eadn h\u00e0ng theo nh\u01b0 tr\u00ean trang h\u01b0\u1edbng d\u1eabn. Tr\u01b0\u1eddng h\u1ee3p qu\u00fd kh\u00e1ch c\u00f3 nhi\u1ec1u \u0111\u1ecba ch\u1ec9 \u0111\u1ec3 nh\u1eadn h\u00e0ng th\u00ec qu\u00fd kh\u00e1ch l\u01b0u \u00fd \u0111\u1ecba ch\u1ec9 n\u00e0o n\u1eb1m trong \u00f4 \u201cm\u1eb7c \u0111\u1ecbnh\u201d \u0111\u1ea7u ti\u00ean b\u00ean tr\u00e1i s\u1ebd l\u00e0 \u0111\u1ecba ch\u1ec9\u00a0<strong>Havamall<\/strong> li\u00ean h\u1ec7 \u0111\u1ec3 giao h\u00e0ng.<\/p>\n<p><b>5. Ch\u1ecdn ph\u01b0\u01a1ng th\u1ee9c thanh to\u00e1n:<\/b><\/p>\n<p>N\u1ebfu c\u00e1c th\u00f4ng tin tr\u00ean \u0111\u00e3 ch\u00ednh x\u00e1c, qu\u00fd kh\u00e1ch vui l\u00f2ng b\u1ea5m &#8220;\u0110\u1eb7t h\u00e0ng&#8221;, h\u1ec7 th\u1ed1ng s\u1ebd b\u1eaft \u0111\u1ea7u ti\u1ebfn h\u00e0nh t\u1ea1o \u0111\u01a1n h\u00e0ng d\u1ef1a tr\u00ean c\u00e1c th\u00f4ng tin qu\u00fd kh\u00e1ch \u0111\u00e3 \u0111\u0103ng k\u00fd.<\/p>\n<p>Qu\u00fd kh\u00e1ch c\u00f3 th\u1ec3 tham kh\u1ea3o c\u00e1c ph\u01b0\u01a1ng th\u1ee9c thanh to\u00e1n sau \u0111\u00e2y v\u00e0 l\u1ef1a ch\u1ecdn \u00e1p d\u1ee5ng ph\u01b0\u01a1ng th\u1ee9c ph\u00f9 h\u1ee3p:<\/p>\n<p><b>C\u00e1ch 1:<\/b>\u00a0Thanh to\u00e1n tr\u1ef1c ti\u1ebfp (ng\u01b0\u1eddi mua nh\u1eadn h\u00e0ng t\u1ea1i \u0111\u1ecba ch\u1ec9 ng\u01b0\u1eddi b\u00e1n), sau khi ch\u1ed1t \u0111\u01a1n h\u00e0ng, Qu\u00fd kh\u00e1ch h\u00e0ng c\u00f3 th\u1ec3 \u0111\u1ebfn tr\u1ef1c ti\u1ebfp \u0111\u1ecba ch\u1ec9 shop t\u1eeb 9h-21h t\u1ea5t c\u1ea3 c\u00e1c ng\u00e0y trong tu\u1ea7n \u0111\u1ec3 l\u1ef1a ch\u1ecdn s\u1ea3n ph\u1ea9m.<\/p>\n<p><b>C\u00e1ch 2:<\/b>\u00a0Thanh to\u00e1n sau khi nh\u1eadn h\u00e0ng (COD): Qu\u00fd kh\u00e1ch s\u1ebd thanh to\u00e1n l\u00fac nh\u1eadn \u0111\u01b0\u1ee3c s\u1ea3n ph\u1ea9m t\u1eeb nh\u00e2n vi\u00ean giao nh\u1eadn ho\u1eb7c nh\u00e2n vi\u00ean chuy\u1ec3n ph\u00e1t t\u1ea1i \u0111\u1ecba ch\u1ec9 kh\u00e1ch h\u00e0ng \u0111\u00e3 \u0111\u0103ng k\u00fd.<\/p>\n<p><strong>C\u00e1ch 3:<\/strong> Chuy\u1ec3n kho\u1ea3n tr\u01b0\u1edbc khi nh\u1eadn h\u00e0ng th\u00f4ng qua t\u00e0i kho\u1ea3n ng\u00e2n h\u00e0ng c\u1ee7a c\u00f4ng ty:<\/p>\n<p class=\"p1\">C\u00d4NG TY TNHH HAVAMALL VI\u1ec6T NAM<\/p>\n<p class=\"p1\">Ng\u00e2n h\u00e0ng ACB<\/p>\n<p class=\"p1\">Ch\u1ee7 t\u00e0i kho\u1ea3n: <b>CONG TY TNHH HAVAMALL VIET NAM<\/b><\/p>\n<p class=\"p1\">STK: 8888999808<\/p>\n<p class=\"p1\">Chi nh\u00e1nh: ACB Ph\u00fa L\u00e2m<\/p>\n<p><b>L\u01b0u \u00fd:\u00a0<\/b>Ch\u1ecdn h\u00ecnh th\u1ee9c chuy\u1ec3n kho\u1ea3n v\u00e0 th\u1ef1c hi\u1ec7n chuy\u1ec3n kho\u1ea3n theo m\u1eabu:\u00a0<span class=\"ma_donhang\">Thanh to\u00e1n \u0111\u01a1n h\u00e0ng s\u1ed1: m\u00e3 \u0111\u01a1n h\u00e0ng, s\u1ed1 \u0111i\u1ec7n tho\u1ea1i.<\/span><\/p>\n<p>C\u00e1c \u0111\u01a1n h\u00e0ng c\u00f3 gi\u00e1 tr\u1ecb tr\u00ean\u00a0<b>5.000.000\u0111<\/b>\u00a0ch\u1ec9 \u0111\u01b0\u1ee3c \u00e1p d\u1ee5ng h\u00ecnh th\u1ee9c chuy\u1ec3n kho\u1ea3n.<\/p>\n<p><b>6. Ki\u1ec3m tra v\u00e0 x\u00e1c nh\u1eadn \u0111\u01a1n h\u00e0ng<\/b><\/p>\n<p>Sau khi ho\u00e0n th\u00e0nh t\u1ea5t c\u1ea3 b\u01b0\u1edbc \u0111\u1eb7t mua, h\u1ec7 th\u1ed1ng s\u1ebd g\u1eedi \u0111\u1ebfn qu\u00fd kh\u00e1ch m\u00e3 s\u1ed1 \u0111\u01a1n h\u00e0ng \u0111\u1ec3 ki\u1ec3m tra theo d\u00f5i t\u00ecnh tr\u1ea1ng \u0111\u01a1n h\u00e0ng.<\/p>\n<\/div>","protected":false},"excerpt":{"rendered":"<p>Qu\u00fd kh\u00e1ch c\u00f3 th\u1ec3 \u0111\u1eb7t h\u00e0ng tr\u1ef1c tuy\u1ebfn \u1edf Website\u00a0Havamall th\u00f4ng qua c\u00e1c b\u01b0\u1edbc \u0111\u1eb7t h\u00e0ng c\u01a1 b\u1ea3n. 1. T\u00ecm<\/p>","protected":false},"author":1,"featured_media":6549,"parent":0,"menu_order":0,"comment_status":"closed","ping_status":"closed","template":"","meta":{"footnotes":""},"class_list":["post-2173","page","type-page","status-publish","has-post-thumbnail","hentry"],"_links":{"self":[{"href":"https:\/\/havamall.vn\/en\/wp-json\/wp\/v2\/pages\/2173"}],"collection":[{"href":"https:\/\/havamall.vn\/en\/wp-json\/wp\/v2\/pages"}],"about":[{"href":"https:\/\/havamall.vn\/en\/wp-json\/wp\/v2\/types\/page"}],"author":[{"embeddable":true,"href":"https:\/\/havamall.vn\/en\/wp-json\/wp\/v2\/users\/1"}],"replies":[{"embeddable":true,"href":"https:\/\/havamall.vn\/en\/wp-json\/wp\/v2\/comments?post=2173"}],"version-history":[{"count":0,"href":"https:\/\/havamall.vn\/en\/wp-json\/wp\/v2\/pages\/2173\/revisions"}],"wp:featuredmedia":[{"embeddable":true,"href":"https:\/\/havamall.vn\/en\/wp-json\/wp\/v2\/media\/6549"}],"wp:attachment":[{"href":"https:\/\/havamall.vn\/en\/wp-json\/wp\/v2\/media?parent=2173"}],"curies":[{"name":"wp","href":"https:\/\/api.w.org\/{rel}","templated":true}]}}