{"id":2153,"date":"2018-01-20T15:55:42","date_gmt":"2018-01-20T15:55:42","guid":{"rendered":"https:\/\/www.ovidesign.studio\/?page_id=2153"},"modified":"2018-04-13T12:28:15","modified_gmt":"2018-04-13T05:28:15","slug":"dieu-khoan-su-dung","status":"publish","type":"page","link":"https:\/\/havamall.vn\/en\/dieu-khoan-su-dung\/","title":{"rendered":"\u0110I\u1ec0U KHO\u1ea2N S\u1eec D\u1ee4NG"},"content":{"rendered":"<p><b>1. Gi\u1edbi thi\u1ec7u<\/b><\/p>\n<p><strong>Havamall chuy\u00ean cung c\u1ea5p nh\u1eefng m\u1eb7t h\u00e0ng s\u1ea3n ph\u1ea9m ch\u1ea5t l\u01b0\u1ee3ng t\u1ed1t nh\u1ea5t v\u1edbi m\u1ee9c gi\u00e1 c\u1ea1nh tranh. Ch\u00fang t\u00f4i t\u1ef1 h\u00e0o mang \u0111\u1ebfn t\u1eadn tay c\u00e1c b\u1ea1n c\u00e1c m\u1eb7t h\u00e0ng CHU\u1ea8N &#8211; \u0110\u1ea2M B\u1ea2O &#8211; R\u1eba &#8211; PH\u00d9 H\u1ee2P NHU C\u1ea6U thi\u1ebft th\u1ef1c c\u1ee7a ng\u01b0\u1eddi ti\u00eau d\u00f9ng.<\/strong><\/p>\n<p><b>2. Quy \u0111\u1ecbnh s\u1eed d\u1ee5ng<\/b><\/p>\n<p>Khi kh\u00e1ch h\u00e0ng v\u00e0o Website\u00a0<strong>Havamall<\/strong><strong>\u00a0<\/strong>v\u1edbi t\u01b0 c\u00e1ch kh\u00e1ch vi\u1ebfng th\u0103m hay th\u00e0nh vi\u00ean \u0111\u00e3 \u0111\u0103ng k\u00fd, xin vui l\u00f2ng \u0111\u1ecdc k\u1ef9 quy \u0111\u1ecbnh s\u1eed d\u1ee5ng.\u00a0<strong>Havamall<\/strong> c\u00f3 quy\u1ec1n thay \u0111\u1ed5i, ch\u1ec9nh s\u1eeda, th\u00eam ho\u1eb7c l\u01b0\u1ee3c b\u1ecf b\u1ea5t k\u1ef3 ph\u1ea7n n\u00e0o trong \u0110i\u1ec1u kho\u1ea3n s\u1eed d\u1ee5ng n\u00e0y, v\u00e0o b\u1ea5t c\u1ee9 l\u00fac n\u00e0o. C\u00e1c thay \u0111\u1ed5i c\u00f3 hi\u1ec7u l\u1ef1c ngay khi \u0111\u01b0\u1ee3c \u0111\u0103ng tr\u00ean Website\u00a0<strong>Havamall<\/strong> m\u00e0 kh\u00f4ng c\u1ea7n th\u00f4ng b\u00e1o tr\u01b0\u1edbc v\u00e0 qu\u00fd kh\u00e1ch c\u00f3 tr\u00e1ch nhi\u00eam ph\u1ea3i c\u1eadp nh\u1eadt Website\u00a0<strong>Havamall<\/strong> th\u01b0\u1eddng xuy\u00ean \u0111\u1ec3 theo d\u00f5i c\u00e1c th\u00f4ng tin \u0111\u01b0\u1ee3c \u0111\u0103ng \u0111\u1ec3 c\u00f3 th\u1ec3 c\u1eadp nh\u1eadt k\u1ecbp th\u1eddi. Vi\u1ec7c b\u1ea1n ti\u1ebfp t\u1ee5c s\u1eed d\u1ee5ng trang\u00a0<strong>Havamall<\/strong><strong>\u00a0<\/strong>sau khi nh\u1eefng thay \u0111\u1ed5i \u0111\u00f3 \u0111\u01b0\u1ee3c \u0111\u0103ng \u0111\u1ed3ng ngh\u0129a v\u1edbi vi\u1ec7c b\u1ea1n \u0111\u00e3 \u0111\u1ed3ng \u00fd v\u1edbi nh\u1eefng s\u1eeda \u0111\u1ed5i trong Quy \u0111\u1ecbnh s\u1eed d\u1ee5ng<\/p>\n<p><strong>Havamall<\/strong> kh\u00f4ng ch\u1ecbu tr\u00e1ch nhi\u1ec7m v\u1ec1 ch\u1ea5t l\u01b0\u1ee3ng \u0111\u01b0\u1eddng truy\u1ec1n Internet \u1ea3nh h\u01b0\u1edfng \u0111\u1ebfn t\u1ed1c \u0111\u1ed9 truy c\u1eadp c\u1ee7a b\u1ea1n v\u00e0o Website\u00a0<strong>Havamall<\/strong><strong>\u00a0<\/strong><\/p>\n<p><b>3. Quy \u0111\u1ecbnh v\u00e0 h\u01b0\u1edbng d\u1eabn li\u00ean quan \u0111\u1ebfn kh\u00e1ch h\u00e0ng:<\/b><\/p>\n<p>Kh\u00e1ch h\u00e0ng ph\u1ea3i \u0111\u1ea3m b\u1ea3o \u0111\u1ee7 18 tu\u1ed5i, ho\u1eb7c truy c\u1eadp d\u01b0\u1edbi s\u1ef1 gi\u00e1m s\u00e1t c\u1ee7a cha m\u1eb9 hay ng\u01b0\u1eddi gi\u00e1m h\u1ed9 h\u1ee3p ph\u00e1p. Kh\u00e1ch h\u00e0ng \u0111\u1ea3m b\u1ea3o c\u00f3 \u0111\u1ea7y \u0111\u1ee7 h\u00e0nh vi d\u00e2n s\u1ef1 \u0111\u1ec3 th\u1ef1c hi\u1ec7n c\u00e1c giao d\u1ecbch mua b\u00e1n h\u00e0ng h\u00f3a theo quy \u0111\u1ecbnh hi\u1ec7n h\u00e0nh c\u1ee7a ph\u00e1p lu\u1eadt Vi\u1ec7t Nam.<\/p>\n<p><strong>Havamall<\/strong> c\u00f3 quy\u1ec1n h\u1ecfi th\u00eam v\u1ec1 th\u00f4ng tin kh\u00e1ch h\u00e0ng khi x\u00e1c nh\u1eadn \u0111\u01a1n h\u00e0ng \u0111\u1ec3 \u0111\u1ea3m b\u1ea3o m\u1ecdi th\u00f4ng tin li\u00ean l\u1ea1c v\u1ec1 \u0111\u01a1n h\u00e0ng \u0111\u01b0\u1ee3c x\u1eed l\u00fd ch\u00ednh x\u00e1c nh\u1ea5t.<\/p>\n<p><strong>Havamall<\/strong> s\u1ebd c\u1ea5p m\u1ed9t t\u00e0i kho\u1ea3n s\u1eed d\u1ee5ng \u0111\u1ec3 kh\u00e1ch h\u00e0ng c\u00f3 th\u1ec3 mua s\u1eafm trong khu\u00f4n kh\u1ed5 \u0110i\u1ec1u kho\u1ea3n v\u00e0 \u0110i\u1ec1u ki\u1ec7n s\u1eed d\u1ee5ng \u0111\u00e3 \u0111\u1ec1 ra. Qu\u00fd kh\u00e1ch h\u00e0ng s\u1ebd ph\u1ea3i \u0111\u0103ng k\u00fd t\u00e0i kho\u1ea3n v\u1edbi th\u00f4ng tin x\u00e1c th\u1ef1c v\u1ec1 b\u1ea3n th\u00e2n v\u00e0 ph\u1ea3i c\u1eadp nh\u1eadt n\u1ebfu c\u00f3 b\u1ea5t k\u1ef3 thay \u0111\u1ed5i n\u00e0o. M\u1ed7i ng\u01b0\u1eddi truy c\u1eadp ph\u1ea3i c\u00f3 tr\u00e1ch nhi\u1ec7m v\u1edbi m\u1eadt kh\u1ea9u, t\u00e0i kho\u1ea3n v\u00e0 ho\u1ea1t \u0111\u1ed9ng c\u1ee7a m\u00ecnh tr\u00ean\u00a0<strong>Havamall<\/strong><strong>.<\/strong>\u00a0Ngo\u00e0i ra, qu\u00fd kh\u00e1ch h\u00e0ng ph\u1ea3i th\u00f4ng b\u00e1o cho\u00a0<strong>Havamall<\/strong> bi\u1ebft khi t\u00e0i kho\u1ea3n b\u1ecb truy c\u1eadp tr\u00e1i ph\u00e9p\u00a0<strong>Havamall<\/strong> kh\u00f4ng ch\u1ecbu b\u1ea5t k\u1ef3 tr\u00e1ch nhi\u1ec7m n\u00e0o, d\u00f9 tr\u1ef1c ti\u1ebfp hay gi\u00e1n ti\u1ebfp, \u0111\u1ed1i v\u1edbi nh\u1eefng thi\u1ec7t h\u1ea1i ho\u1eb7c m\u1ea5t m\u00e1t g\u00e2y ra do Qu\u00fd kh\u00e1ch kh\u00f4ng tu\u00e2n th\u1ee7 quy \u0111\u1ecbnh.<\/p>\n<p>Trong su\u1ed1t qu\u00e1 tr\u00ecnh \u0111\u0103ng k\u00fd, Qu\u00fd kh\u00e1ch s\u1ebd nh\u1eadn email qu\u1ea3ng c\u00e1o t\u1eeb Website\u00a0<strong>Havamall<\/strong>. N\u1ebfu kh\u00f4ng mu\u1ed1n ti\u1ebfp t\u1ee5c nh\u1eadn mail, qu\u00fd kh\u00e1ch c\u00f3 th\u1ec3 t\u1eeb ch\u1ed1i b\u1eb1ng c\u00e1ch nh\u1ea5p v\u00e0o \u0111\u01b0\u1eddng link \u1edf d\u01b0\u1edbi c\u00f9ng trong m\u1ecdi email qu\u1ea3ng c\u00e1o.<\/p>\n<p>T\u1ea5t c\u1ea3 n\u1ed9i dung t\u1ea1i Website\u00a0<strong>Havamall<\/strong> v\u00e0 \u00fd ki\u1ebfn ph\u00ea b\u00ecnh c\u1ee7a Qu\u00fd kh\u00e1ch \u0111\u1ec1u l\u00e0 t\u00e0i s\u1ea3n c\u1ee7a ch\u00fang t\u00f4i. N\u1ebfu ch\u00fang t\u00f4i ph\u00e1t hi\u1ec7n b\u1ea5t k\u1ef3 th\u00f4ng tin gi\u1ea3 m\u1ea1o n\u00e0o, ch\u00fang t\u00f4i s\u1ebd kh\u00f3a t\u00e0i kho\u1ea3n c\u1ee7a qu\u00fd kh\u00e1ch ngay l\u1eadp t\u1ee9c ho\u1eb7c \u00e1p d\u1ee5ng c\u00e1c bi\u1ec7n ph\u00e1p kh\u00e1c theo quy \u0111\u1ecbnh c\u1ee7a ph\u00e1p lu\u1eadt Vi\u1ec7t Nam.<\/p>\n<p><b>4. Ch\u1ea5p nh\u1eadn \u0111\u01a1n h\u00e0ng, gi\u00e1 c\u1ea3 v\u00e0 \u0111i\u1ec1u kho\u1ea3n b\u1ea5t kh\u1ea3 kh\u00e1ng:<\/b><\/p>\n<p><strong>Havamall<\/strong> lu\u00f4n lu\u00f4n n\u1ed7 l\u1ef1c \u0111\u1ec3 \u0111\u1ea3m b\u1ea3o r\u1eb1ng m\u1ecdi th\u00f4ng tin v\u00e0 t\u00e0i li\u1ec7u tr\u00ean website\u00a0<strong>Havamall<\/strong> l\u00e0 ch\u00ednh x\u00e1c. Tuy nhi\u00ean, kh\u00f4ng c\u00f3 \u0111\u1ea3m b\u1ea3o hay m\u00f4 t\u1ea3 n\u00e0o, d\u00f9 l\u00e0 \u0111\u01b0\u1ee3c n\u00eau r\u00f5 hay ng\u1ee5 \u00fd, \u0111\u01b0\u1ee3c \u0111\u01b0a ra \u0111\u1ec3 ch\u1eafc ch\u1eafn r\u1eb1ng m\u1ecdi th\u00f4ng tin v\u00e0 t\u00e0i li\u1ec7u l\u00e0 ho\u00e0n thi\u1ec7n, ch\u00ednh x\u00e1c, m\u1edbi nh\u1ea5t, ph\u00f9 h\u1ee3p cho m\u1ee5c \u0111\u00edch c\u1ee5 th\u1ec3 v\u00e0, trong ph\u1ea1m vi cho ph\u00e9p.<\/p>\n<ul>\n<li>a. \u0110\u00f4i l\u00fac v\u1eabn c\u00f3 sai s\u00f3t x\u1ea3y ra t\u00f9y theo t\u1eebng tr\u01b0\u1eddng h\u1ee3p\u00a0<strong>Havamall<\/strong> s\u1ebd li\u00ean h\u1ec7 h\u01b0\u1edbng d\u1eabn ho\u1eb7c th\u00f4ng b\u00e1o h\u1ee7y \u0111\u01a1n h\u00e0ng \u0111\u00f3 cho qu\u00fd kh\u00e1ch.\u00a0<strong>Havamall<\/strong> c\u0169ng c\u00f3 quy\u1ec1n t\u1eeb ch\u1ed1i ho\u1eb7c h\u1ee7y b\u1ecf b\u1ea5t k\u1ef3 \u0111\u01a1n h\u00e0ng n\u00e0o d\u00f9 \u0111\u01a1n h\u00e0ng \u0111\u00f3 ch\u01b0a hay \u0111\u00e3 \u0111\u01b0\u1ee3c x\u00e1c nh\u1eadn ho\u1eb7c \u0111\u00e3 thanh to\u00e1n. Kh\u00f4ng b\u00ean n\u00e0o ph\u1ea3i ch\u1ecbu tr\u00e1ch nhi\u1ec7m cho b\u00ean n\u00e0o c\u1ea3 khi \u0111\u01a1n h\u00e0ng b\u1ecb h\u1ee7y, ngo\u1ea1i tr\u1eeb vi\u1ec7c\u00a0<strong>Havamall<\/strong> c\u00f3 tr\u00e1ch nhi\u1ec7m ho\u00e0n tr\u1ea3 ti\u1ec1n n\u1ebfu b\u1ea1n \u0111\u00e3 thanh to\u00e1n m\u00e0 ch\u01b0a nh\u1eadn \u0111\u01b0\u1ee3c s\u1ea3n ph\u1ea9m.<\/li>\n<li>b.\u00a0<strong>Havamall<\/strong> s\u1ebd kh\u00f4ng ch\u1ecbu tr\u00e1ch nhi\u1ec7m n\u1ebfu quy tr\u00ecnh mua h\u00e0ng kh\u00f4ng di\u1ec5n ra \u0111\u00fang cam k\u1ebft do nh\u1eefng nguy\u00ean nh\u00e2n b\u1ea5t kh\u1ea3 kh\u00e1ng nh\u01b0 tai n\u1ea1n, hi\u1ec3m h\u1ecda thi\u00ean nhi\u00ean, h\u00e0nh \u0111\u1ed9ng c\u1ee7a b\u00ean th\u1ee9 ba (bao g\u1ed3m v\u00e0 kh\u00f4ng gi\u1edbi h\u1ea1n trong tin t\u1eb7c, c\u00e1c nh\u00e0 cung c\u1ea5p, ch\u00ednh ph\u1ee7, thu\u1ed9c ch\u00ednh ph\u1ee7, c\u01a1 quan \u0111a qu\u1ed1c gia hay c\u00e1c ch\u00ednh quy\u1ec1n \u0111\u1ecba ph\u01b0\u01a1ng), b\u1ea1o lo\u1ea1n, chi\u1ebfn tranh, tr\u01b0\u1eddng h\u1ee3p qu\u1ed1c gia kh\u1ea9n c\u1ea5p, kh\u1ee7ng b\u00f4, d\u1ecbch b\u1ec7nh, h\u1ecfa ho\u1ea1n, b\u00e3o l\u1ee5t, s\u1ef1 c\u1ed1 k\u1ef9 thu\u1eadt c\u1ee7a b\u00ean th\u1ee9 ba, gi\u00e1n \u0111o\u1ea1n c\u1ee7a ti\u1ec7n \u00edch c\u00f4ng c\u1ed9ng (bao g\u1ed3m \u0111i\u1ec7n, vi\u1ec5n th\u00f4ng, hay Internet), thi\u1ebfu h\u1ee5t ho\u1eb7c kh\u00f4ng c\u00f3 kh\u1ea3 n\u0103ng \u0111\u1ec3 l\u1ea5y s\u1ea3n ph\u1ea9m, v\u1eadt li\u1ec7u, thi\u1ebft b\u1ecb, hay v\u1eadn chuy\u1ec3n trong \u0111i\u1ec1u ki\u1ec7n b\u1ea5t kh\u1ea3 kh\u00e1ng.<\/li>\n<\/ul>\n<p><b>6. Thay \u0111\u1ed5i ho\u1eb7c h\u1ee7y b\u1ecf giao d\u1ecbch:<\/b><\/p>\n<p>Kh\u00e1ch h\u00e0ng c\u00f3 tr\u00e1ch nhi\u1ec7m cung c\u1ea5p th\u00f4ng tin \u0111\u1ea7y \u0111\u1ee7 v\u00e0 ch\u00ednh x\u00e1c khi tham gia giao d\u1ecbch t\u1ea1i Website\u00a0<strong>Havamall<\/strong>. Trong tr\u01b0\u1eddng h\u1ee3p kh\u00e1ch h\u00e0ng nh\u1eadp sai th\u00f4ng tin\u00a0<strong>Havamall<\/strong> c\u00f3 quy\u1ec1n t\u1eeb ch\u1ed1i th\u1ef1c hi\u1ec7n giao d\u1ecbch. Ngo\u00e0i ra, trong m\u1ecdi tr\u01b0\u1eddng h\u1ee3p, kh\u00e1ch h\u00e0ng \u0111\u1ec1u c\u00f3 quy\u1ec1n \u0111\u01a1n ph\u01b0\u01a1ng ch\u1ea5m d\u1ee9t giao d\u1ecbch b\u1eb1ng c\u00e1ch th\u00f4ng b\u00e1o cho\u00a0<strong>Havamall<\/strong> v\u1ec1 vi\u1ec7c h\u1ee7y giao d\u1ecbch qua \u0111\u01b0\u1eddng d\u00e2y n\u00f3ng (hotline) ho\u1eb7c g\u1eedi y\u00eau c\u1ea7u qua \u0111\u1ecba ch\u1ec9 mail:<\/p>\n<p>Trong tr\u01b0\u1eddng h\u1ee3p b\u1ea1n mu\u1ed1n khi\u1ebfu n\u1ea1i v\u1ec1 s\u1ea3n ph\u1ea9m\u00a0<strong>Havamall<\/strong> mong b\u1ea1n c\u00f3 th\u1ec3 h\u1ee3p t\u00e1c b\u1eb1ng c\u00e1ch cung c\u1ea5p th\u00f4ng tin c\u00e0ng chi ti\u1ebft c\u00e0ng t\u1ed1t v\u1ec1 t\u00ecnh tr\u1ea1ng s\u1ea3n ph\u1ea9m v\u00e0 c\u00e1c th\u00f4ng tin li\u00ean quan \u0111\u1ebfn vi\u1ec7c mua h\u00e0ng nh\u01b0 m\u00e3 \u0111\u01a1n h\u00e0ng, x\u00e1c nh\u1eadn \u0111\u01a1n h\u00e0ng, h\u00f3a \u0111\u01a1n mua h\u00e0ng.<\/p>\n<p>Qu\u00fd kh\u00e1ch c\u00f3 th\u1ec3 tham kh\u1ea3o th\u00eam v\u1ec1 quy \u0111\u1ecbnh \u0111\u1ed5i tr\u1ea3 h\u00e0ng qua Ch\u00ednh s\u00e1ch \u0111\u1ed5i tr\u1ea3 \u0111\u1ec3\u00a0<strong>Havamall<\/strong> c\u00f3 th\u1ec3 ph\u1ee5c v\u1ee5 kh\u00e1ch h\u00e0ng t\u1ed1t nh\u1ea5t.<\/p>\n<p><b>7. Qu\u1ea3ng c\u00e1o tr\u00ean trang\u00a0<strong>Havamall<\/strong><\/b><\/p>\n<p><strong>Havamall <\/strong>lu\u00f4n tu\u00e2n theo c\u00e1c quy \u0111\u1ecbnh v\u1ec1 trang website do C\u1ee5c Qu\u1ea3n l\u00fd Ti\u00eau chu\u1ea9n Qu\u1ea3ng C\u00e1o quy \u0111\u1ecbnh.<\/p>\n<p><b>8. Th\u00f4ng b\u00e1o:<\/b><\/p>\n<p>M\u1ecdi th\u00f4ng b\u00e1o li\u00ean quan \u0111\u1ebfn vi\u1ec7c mua h\u00e0ng s\u1ebd \u0111\u01b0\u1ee3c g\u1eedi v\u0103n b\u1ea3n \u0111\u1ebfn b\u1ea1n qua email ho\u1eb7c b\u1eb1ng \u0111i\u1ec7n tho\u1ea1i cho kh\u00e1ch h\u00e0ng.<\/p>\n<p><b>9. Th\u01b0\u01a1ng hi\u1ec7u v\u00e0 b\u1ea3n quy\u1ec1n s\u1eed h\u1eefu tr\u00ed tu\u1ec7:<\/b><\/p>\n<p>M\u1ecdi quy\u1ec1n s\u1edf h\u1eefu tr\u00ed tu\u1ec7 (\u0111\u00e3 \u0111\u0103ng k\u00fd ho\u1eb7c ch\u01b0a \u0111\u0103ng k\u00fd), n\u1ed9i dung th\u00f4ng tin v\u00e0 t\u1ea5t c\u1ea3 c\u00e1c logo, bi\u1ec3u t\u01b0\u1ee3ng thi\u1ebft k\u1ebf, v\u0103n b\u1ea3n, \u0111\u1ed3 h\u1ecda, ph\u1ea7n m\u1ec1m, h\u00ecnh \u1ea3nh, video, \u00e2m nh\u1ea1c, \u00e2m thanh, bi\u00ean d\u1ecbch ph\u1ea7n m\u1ec1m, m\u00e3 ngu\u1ed3n v\u00e0 ph\u1ea7n m\u1ec1m c\u01a1 b\u1ea3n \u0111\u1ec1u l\u00e0 t\u00e0i s\u1ea3n c\u1ee7a\u00a0<strong>Havamall.\u00a0<\/strong><\/p>","protected":false},"excerpt":{"rendered":"<p>1. Gi\u1edbi thi\u1ec7u Havamall chuy\u00ean cung c\u1ea5p nh\u1eefng m\u1eb7t h\u00e0ng s\u1ea3n ph\u1ea9m ch\u1ea5t l\u01b0\u1ee3ng t\u1ed1t nh\u1ea5t v\u1edbi m\u1ee9c gi\u00e1 c\u1ea1nh<\/p>","protected":false},"author":1,"featured_media":0,"parent":0,"menu_order":0,"comment_status":"closed","ping_status":"closed","template":"","meta":{"footnotes":""},"class_list":["post-2153","page","type-page","status-publish","hentry"],"_links":{"self":[{"href":"https:\/\/havamall.vn\/en\/wp-json\/wp\/v2\/pages\/2153"}],"collection":[{"href":"https:\/\/havamall.vn\/en\/wp-json\/wp\/v2\/pages"}],"about":[{"href":"https:\/\/havamall.vn\/en\/wp-json\/wp\/v2\/types\/page"}],"author":[{"embeddable":true,"href":"https:\/\/havamall.vn\/en\/wp-json\/wp\/v2\/users\/1"}],"replies":[{"embeddable":true,"href":"https:\/\/havamall.vn\/en\/wp-json\/wp\/v2\/comments?post=2153"}],"version-history":[{"count":0,"href":"https:\/\/havamall.vn\/en\/wp-json\/wp\/v2\/pages\/2153\/revisions"}],"wp:attachment":[{"href":"https:\/\/havamall.vn\/en\/wp-json\/wp\/v2\/media?parent=2153"}],"curies":[{"name":"wp","href":"https:\/\/api.w.org\/{rel}","templated":true}]}}