{"id":2150,"date":"2018-01-20T15:54:18","date_gmt":"2018-01-20T15:54:18","guid":{"rendered":"https:\/\/www.ovidesign.studio\/?page_id=2150"},"modified":"2018-04-13T12:33:33","modified_gmt":"2018-04-13T05:33:33","slug":"chinh-sach-bao-mat","status":"publish","type":"page","link":"https:\/\/havamall.vn\/en\/chinh-sach-bao-mat\/","title":{"rendered":"Ch\u00ednh s\u00e1ch b\u1ea3o m\u1eadt"},"content":{"rendered":"<div class=\"title_fck\">\u00a0<b>1. M\u1ee5c \u0111\u00edch:<\/b><\/div>\n<div id=\"chinhsachbaomat_fck_1\" class=\"fck_support_page panel-collapse collapse in\">\n<p>Hi\u1ec7n nay, v\u1ea5n \u0111\u1ec1 b\u1ea3o m\u1eadt th\u00f4ng tin \u0111\u00e3 tr\u1edf th\u00e0nh v\u1ea5n \u0111\u1ec1 n\u00f3ng tr\u00ean t\u1ea5t c\u1ea3 c\u00e1c di\u1ec5n \u0111\u00e0n, \u0111i\u1ec1u n\u00e0y kh\u00f4ng ch\u1ec9 g\u00e2y kh\u00f3 kh\u0103n cho c\u00e1c t\u1ed5 ch\u1ee9c, c\u00e1 nh\u00e2n tham gia truy c\u1eadp v\u00e0 giao d\u1ecbch m\u00e0 c\u00f2n g\u00e2y n\u00ean nh\u1eefng phi\u1ec1n to\u00e1i v\u01b0\u1ee3t ra ngo\u00e0i t\u1ea7m ki\u1ec3m so\u00e1t c\u1ee7a h\u1ec7 th\u1ed1ng.<\/p>\n<p>Ch\u00ednh s\u00e1ch b\u1ea3o m\u1eadt v\u00e0 chia s\u1ebb th\u00f4ng tin kh\u00e1ch h\u00e0ng c\u1ee7a\u00a0<strong>Havamall<\/strong>\u00a0nh\u01b0 m\u1ed9t l\u1eddi cam k\u1ebft v\u1edbi mong mu\u1ed1n n\u00e2ng cao ch\u1ea5t l\u01b0\u1ee3ng d\u1ecbch v\u1ee5, b\u1ea3o \u0111\u1ea3m an to\u00e0n th\u00f4ng tin c\u1ee7a c\u00e1c c\u00e1 nh\u00e2n, t\u1ed5 ch\u1ee9c khi tham gia truy c\u1eadp ho\u1eb7c giao d\u1ecbch tr\u1ef1c ti\u1ebfp tr\u00ean website\u00a0<strong>Havamall<\/strong>.\u00a0Ch\u00fang t\u00f4i hi\u1ec3u b\u1ea3o v\u1ec7 v\u00e0 s\u1eed d\u1ee5ng h\u1ee3p l\u00ed th\u00f4ng tin c\u1ee7a b\u1ea1n c\u0169ng ch\u00ednh l\u00e0 b\u1ea3o v\u1ec7 l\u00f2ng tin v\u00e0 s\u1ef1 y\u00eau m\u1ebfn c\u1ee7a b\u1ea1n d\u00e0nh cho ch\u00fang t\u00f4i.<\/p>\n<p><b>2. C\u00e1c \u0111i\u1ec1u kho\u1ea3n \u00e1p d\u1ee5ng<\/b><\/p>\n<p>2.1. C\u1eadp nh\u1eadt th\u00f4ng tin kh\u00e1ch h\u00e0ng:<\/p>\n<p>&#8211; Khi tham gia m\u1edf t\u00e0i kho\u1ea3n ho\u1eb7c giao d\u1ecbch tr\u1ef1c ti\u1ebfp tr\u00ean\u00a0<strong>Havamall<\/strong>, kh\u00e1ch h\u00e0ng c\u1ea7n ph\u1ea3i cung c\u1ea5p \u0111\u1ea7y \u0111\u1ee7 c\u00e1c th\u00f4ng tin b\u1eaft bu\u1ed9c bao g\u1ed3m t\u00ean, \u0111\u1ecba ch\u1ec9, s\u1ed1 \u0111i\u1ec7n tho\u1ea1i&#8230; c\u1ee5 th\u1ec3 \u0111\u1ec3 c\u00f3 th\u1ec3 \u0111\u00e1p \u1ee9ng c\u00e1c \u0111i\u1ec1u ki\u1ec7n giao d\u1ecbch c\u1ea7n thi\u1ebft.<\/p>\n<p>&#8211; C\u00e1c th\u00f4ng tin c\u00e1 nh\u00e2n qu\u00fd kh\u00e1ch cung c\u1ea5p cho\u00a0<strong>Havamall<\/strong>\u00a0c\u1ea7n \u0111\u1ea3m b\u1ea3o \u0111\u1ed9 ch\u00ednh x\u00e1c v\u00e0 \u0111\u1ea7y \u0111\u1ee7 \u0111\u1ec3 ph\u00f2ng tr\u00e1nh tr\u01b0\u1eddng h\u1ee3p nh\u1ea7m l\u1eabn ho\u1eb7c gi\u1ea3 m\u1ea1o. M\u1ecdi s\u1ef1 sai s\u00f3t ho\u1eb7c kh\u00f4ng ch\u00ednh x\u00e1c trong th\u00f4ng tin \u0111\u01b0\u1ee3c cung c\u1ea5p s\u1ebd \u1ea3nh h\u01b0\u1edfng tr\u1ef1c ti\u1ebfp \u0111\u1ebfn quy\u1ec1n l\u1ee3i c\u1ee7a qu\u00fd kh\u00e1ch h\u00e0ng. Do \u0111\u00f3, <b>Havamall<\/b>\u00a0s\u1ebd kh\u00f4ng ch\u1ecbu tr\u00e1ch nhi\u1ec7m \u0111\u1ed1i v\u1edbi nh\u1eefng tranh ch\u1ea5p ph\u00e1t sinh c\u00f3 li\u00ean quan trong tr\u01b0\u1eddng h\u1ee3p n\u00e0y.<\/p>\n<p>2.2. L\u01b0u gi\u1eef v\u00e0 b\u1ea3o m\u1eadt th\u00f4ng tin kh\u00e1ch h\u00e0ng<\/p>\n<p>&#8211; T\u1ea5t c\u1ea3 c\u00e1c th\u00f4ng tin kh\u00e1ch h\u00e0ng cung c\u1ea5p v\u00e0 n\u1ed9i dung giao d\u1ecbch \u0111\u1ec1u \u0111\u01b0\u1ee3c\u00a0<strong>Havamall<\/strong> l\u01b0u gi\u1eef b\u1ea3o m\u1eadt tuy\u1ec7t \u0111\u1ed1i tr\u00ean h\u1ec7 th\u1ed1ng.\u00a0<strong>Havamall<\/strong> cam \u0111oan s\u1ebd kh\u00f4ng b\u00e1n ho\u1eb7c chia s\u1ebb d\u1eabn \u0111\u1ebfn l\u00e0m l\u1ed9 th\u00f4ng tin c\u00e1 nh\u00e2n c\u1ee7a b\u1ea1n, kh\u00f4ng v\u00ec nh\u1eefng m\u1ee5c \u0111\u00edch th\u01b0\u01a1ng m\u1ea1i m\u00e0 vi ph\u1ea1m cam k\u1ebft c\u1ee7a ch\u00fang t\u00f4i ghi trong ch\u00ednh s\u00e1ch b\u1ea3o m\u1eadt n\u00e0y<\/p>\n<p>&#8211;\u00a0<strong>Havamall<\/strong> lu\u00f4n s\u1eb5n s\u00e0ng v\u1ec1 \u0111\u1ed9i ng\u0169 k\u0129 thu\u1eadt v\u00e0 an ninh \u0111\u1ec3 c\u00f3 nh\u1eefng bi\u1ec7n ph\u00e1p \u0111\u1ed1i ph\u00f3 v\u1edbi nh\u1eefng tr\u01b0\u1eddng h\u1ee3p c\u1ed1 t\u00ecnh x\u00e2m nh\u1eadp v\u00e0 s\u1eed d\u1ee5ng tr\u00e1i ph\u00e9p th\u00f4ng tin c\u1ee7a kh\u00e1ch h\u00e0ng. Khi thu th\u1eadp d\u1eef li\u1ec7u,\u00a0<strong>Havamall<\/strong> th\u1ef1c hi\u1ec7n l\u01b0u gi\u1eef v\u00e0 b\u1ea3o m\u1eadt th\u00f4ng tin kh\u00e1ch h\u00e0ng t\u1ea1i h\u1ec7 th\u1ed1ng m\u00e1y ch\u1ee7 v\u00e0 c\u00e1c th\u00f4ng tin kh\u00e1ch h\u00e0ng n\u00e0y \u0111\u01b0\u1ee3c b\u1ea3o \u0111\u1ea3m an to\u00e0n b\u1eb1ng c\u00e1c h\u1ec7 th\u1ed1ng b\u1ea3o v\u1ec7 t\u1ed1t nh\u1ea5t hi\u1ec7n nay, c\u00f9ng c\u00e1c bi\u1ec7n ph\u00e1p ki\u1ec3m so\u00e1t truy c\u1eadp v\u00e0 m\u00e3 h\u00f3a d\u1eef li\u1ec7u.<\/p>\n<p>&#8211; Kh\u00e1ch h\u00e0ng kh\u00f4ng \u0111\u01b0\u1ee3c ph\u00e9p s\u1eed d\u1ee5ng b\u1ea5t k\u00ec ch\u01b0\u01a1ng tr\u00ecnh hay c\u00f4ng c\u1ee5 n\u00e0o nh\u1eb1m m\u1ee5c \u0111\u00edch khai th\u00e1c, thay \u0111\u1ed5i d\u1eef li\u1ec7u b\u1ea5t h\u1ee3p ph\u00e1p tr\u00ean h\u1ec7 th\u1ed1ng\u00a0<strong>Havamall<\/strong>. M\u1ecdi h\u00e0nh vi c\u1ed1 t\u00ecnh x\u00e2m ph\u1ea1m, t\u00f9y theo t\u00ednh ch\u1ea5t s\u1ef1 vi\u1ec7c, ch\u00fang t\u00f4i c\u00f3 quy\u1ec1n kh\u1edfi t\u1ed1 v\u1edbi c\u00e1c c\u01a1 quan c\u00f3 th\u1ea9m quy\u1ec1n theo quy \u0111\u1ecbnh ph\u00e1p lu\u1eadt hi\u1ec7n h\u00e0nh.<\/p>\n<p>&#8211; Kh\u00e1ch h\u00e0ng n\u00ean t\u1ef1 b\u1ea3o v\u1ec7 th\u00f4ng tin b\u1ea3o m\u1eadt c\u1ee7a m\u00ecnh b\u1eb1ng c\u00e1ch kh\u00f4ng chia s\u1ebb c\u00e1c th\u00f4ng tin c\u00e1 nh\u00e2n c\u0169ng nh\u01b0 c\u00e1c th\u00f4ng tin giao d\u1ecbch v\u1edbi b\u00ean th\u1ee9 ba, c\u1ea9n th\u1eadn trong vi\u1ec7c \u0111\u0103ng nh\u1eadp\/\u0111\u0103ng xu\u1ea5t t\u00e0i kho\u1ea3n \u0111\u1ec3 lo\u1ea1i tr\u1eeb nh\u1eefng s\u1ef1 c\u1ed1 r\u00f2 r\u1ec9 th\u00f4ng tin kh\u00f4ng \u0111\u00e1ng c\u00f3.<\/p>\n<p>2.3. S\u1eed d\u1ee5ng th\u00f4ng tin<\/p>\n<p><strong>Havamall<\/strong> c\u00f3 quy\u1ec1n s\u1eed d\u1ee5ng h\u1ee3p ph\u00e1p c\u00e1c th\u00f4ng tin c\u00e1 nh\u00e2n c\u1ee7a kh\u00e1ch h\u00e0ng trong c\u00e1c tr\u01b0\u1eddng h\u1ee3p \u0111\u1ec3 \u0111\u1ea3m b\u1ea3o quy\u1ec1n l\u1ee3i c\u1ee7a qu\u00fd kh\u00e1ch nh\u01b0:<\/p>\n<p>-Th\u00f4ng b\u00e1o c\u00e1c th\u00f4ng tin v\u1ec1 d\u1ecbch v\u1ee5 qu\u1ea3ng c\u00e1o, c\u00e1c ch\u01b0\u01a1ng tr\u00ecnh khuy\u1ebfn m\u00e3i\u2026 \u0111\u1ebfn kh\u00e1ch h\u00e0ng theo nhu c\u1ea7u v\u00e0 th\u00f3i quen c\u1ee7a qu\u00fd kh\u00e1ch khi truy c\u1eadp<\/p>\n<p>-Li\u00ean l\u1ea1c v\u00e0 h\u1ed7 tr\u1ee3 kh\u00e1ch h\u00e0ng trong nh\u1eefng tr\u01b0\u1eddng h\u1ee3p \u0111\u1eb7c bi\u1ec7t<\/p>\n<p>-Ph\u00e1t hi\u1ec7n v\u00e0 ng\u0103n ch\u1eb7n ngay l\u1eadp t\u1ee9c c\u00e1c h\u00e0nh vi can thi\u1ec7p ho\u1eb7c ph\u00e1 ho\u1ea1i t\u00e0i kho\u1ea3n c\u1ee7a kh\u00e1ch h\u00e0ng<\/p>\n<p>2.4. Chia s\u1ebb th\u00f4ng tin<\/p>\n<p><strong>\u00a0Havamall <\/strong>cam k\u1ebft kh\u00f4ng ti\u1ebft l\u1ed9 th\u00f4ng tin kh\u00e1ch h\u00e0ng cho b\u00ean th\u1ee9 ba ngo\u1ea1i tr\u1eeb c\u00e1c tr\u01b0\u1eddng h\u1ee3p sau:<\/p>\n<p>&#8211; Th\u1ef1c hi\u1ec7n theo y\u00eau c\u1ea7u c\u1ee7a c\u00e1c c\u00e1c c\u00e1 nh\u00e2n, t\u1ed5 ch\u1ee9c c\u00f3 th\u1ea9m quy\u1ec1n theo quy \u0111\u1ecbnh c\u1ee7a ph\u00e1p lu\u1eadt<\/p>\n<p>-C\u1ea7n thi\u1ebft ph\u1ea3i s\u1eed d\u1ee5ng c\u00e1c th\u00f4ng tin \u0111\u1ec3 ph\u1ee5c v\u1ee5 cho vi\u1ec7c cung c\u1ea5p c\u00e1c d\u1ecbch v\u1ee5\/ti\u1ec7n \u00edch cho kh\u00e1ch h\u00e0ng<\/p>\n<p>-Nghi\u00ean c\u1ee9u th\u1ecb tr\u01b0\u1eddng v\u00e0 \u0111\u00e1nh gi\u00e1 ph\u00e2n t\u00edch<\/p>\n<p>&#8211; Trao \u0111\u1ed5i th\u00f4ng tin kh\u00e1ch h\u00e0ng v\u1edbi \u0111\u1ed1i t\u00e1c ho\u1eb7c \u0111\u1ea1i l\u00ed ph\u00e2n ph\u1ed1i \u0111\u1ec3 ph\u00e2n t\u00edch n\u00e2ng cao ch\u1ea5t l\u01b0\u1ee3ng d\u1ecbch v\u1ee5<\/p>\n<p>&#8211; Ngo\u00e0i c\u00e1c tr\u01b0\u1eddng h\u1ee3p tr\u00ean, khi c\u1ea7n ph\u1ea3i trao \u0111\u1ed5i th\u00f4ng tin kh\u00e1ch h\u00e0ng cho b\u00ean th\u1ee9 ba,<strong>Havamall<\/strong><strong>\u00a0<\/strong>s\u1ebd th\u00f4ng b\u00e1o tr\u1ef1c ti\u1ebfp v\u1edbi kh\u00e1ch h\u00e0ng v\u00e0 s\u1ebd ch\u1ec9 th\u1ef1c hi\u1ec7n vi\u1ec7c trao \u0111\u1ed5i th\u00f4ng tin khi c\u00f3 s\u1ef1 \u0111\u1ed3ng thu\u1eadn t\u1eeb ph\u00eda kh\u00e1ch h\u00e0ng.<\/p>\n<\/div>","protected":false},"excerpt":{"rendered":"<p>\u00a01. M\u1ee5c \u0111\u00edch: Hi\u1ec7n nay, v\u1ea5n \u0111\u1ec1 b\u1ea3o m\u1eadt th\u00f4ng tin \u0111\u00e3 tr\u1edf th\u00e0nh v\u1ea5n \u0111\u1ec1 n\u00f3ng tr\u00ean t\u1ea5t c\u1ea3<\/p>","protected":false},"author":1,"featured_media":0,"parent":0,"menu_order":0,"comment_status":"closed","ping_status":"closed","template":"","meta":{"footnotes":""},"class_list":["post-2150","page","type-page","status-publish","hentry"],"_links":{"self":[{"href":"https:\/\/havamall.vn\/en\/wp-json\/wp\/v2\/pages\/2150"}],"collection":[{"href":"https:\/\/havamall.vn\/en\/wp-json\/wp\/v2\/pages"}],"about":[{"href":"https:\/\/havamall.vn\/en\/wp-json\/wp\/v2\/types\/page"}],"author":[{"embeddable":true,"href":"https:\/\/havamall.vn\/en\/wp-json\/wp\/v2\/users\/1"}],"replies":[{"embeddable":true,"href":"https:\/\/havamall.vn\/en\/wp-json\/wp\/v2\/comments?post=2150"}],"version-history":[{"count":0,"href":"https:\/\/havamall.vn\/en\/wp-json\/wp\/v2\/pages\/2150\/revisions"}],"wp:attachment":[{"href":"https:\/\/havamall.vn\/en\/wp-json\/wp\/v2\/media?parent=2150"}],"curies":[{"name":"wp","href":"https:\/\/api.w.org\/{rel}","templated":true}]}}